{"id":70,"date":"2025-01-05T18:37:09","date_gmt":"2025-01-05T18:37:09","guid":{"rendered":"https:\/\/kids-birthday-party.net\/?page_id=70"},"modified":"2026-03-26T19:01:44","modified_gmt":"2026-03-26T19:01:44","slug":"recette-genoise","status":"publish","type":"page","link":"https:\/\/kids-birthday-party.net\/fr\/recette-genoise\/","title":{"rendered":"Recette de g\u00e9noise pour un g\u00e2teau d&rsquo;anniversaire"},"content":{"rendered":"<div class=\"gb-container gb-container-915c4183 banniere alignfull\">\n<div class=\"gb-container gb-container-de6459b7\">\n\n<h1 class=\"wp-block-heading has-text-align-center\">Recette de g\u00e9noise pour un g\u00e2teau d&rsquo;anniversaire<\/h1>\n\n<\/div>\n<\/div>\n\n\n<p>Un g\u00e2teau d&rsquo;anniversaire r\u00e9ussi commence par <strong>une bonne base<\/strong>, et quoi de mieux qu&rsquo;une <strong>g\u00e9noise moelleuse<\/strong> ? Simple \u00e0 r\u00e9aliser et l\u00e9g\u00e8re, elle permet de confectionner des recettes qui plaisent \u00e0 coup s\u00fbr aux plus petits.<\/p>\n\n\n\n<p>Dans ce guide, nous allons vous indiquer la recette de la g\u00e9noise pour confectionner votre g\u00e2teau d&rsquo;anniversaire !<\/p>\n\n\n\n<h2 class=\"wp-block-heading\">Le mat\u00e9riel et les ingr\u00e9dients n\u00e9cessaires<\/h2>\n\n\n\n<p>Avant d\u2019entrer dans les d\u00e9tails de sa confection, attardons-nous d\u2019abord sur le mat\u00e9riel et les ingr\u00e9dients dont vous allez avoir besoin.<\/p>\n\n\n\n<p>Pour <strong>le mat\u00e9riel<\/strong> :<\/p>\n\n\n\n<ul class=\"wp-block-list\">\n<li>un grand saladier<\/li>\n\n\n\n<li>un fouet \u00e9lectrique ou manuel<\/li>\n\n\n\n<li>une spatule (de type \u00ab\u00a0Maryse\u00a0\u00bb)<\/li>\n\n\n\n<li>une balance de cuisine<\/li>\n\n\n\n<li>un tamis ou une passoire fine<\/li>\n\n\n\n<li>un moule \u00e0 g\u00e2teau rond (20 cm de diam\u00e8tre environ)<\/li>\n\n\n\n<li>du papier cuisson<\/li>\n\n\n\n<li>un four<\/li>\n<\/ul>\n\n\n\n<figure class=\"wp-block-gallery has-nested-images columns-default is-cropped wp-block-gallery-1 is-layout-flex wp-block-gallery-is-layout-flex\">\n<figure class=\"wp-block-image size-full\"><img loading=\"lazy\" decoding=\"async\" width=\"1200\" height=\"800\" data-id=\"1005\" src=\"https:\/\/kids-birthday-party.net\/wp-content\/uploads\/2025\/01\/kitchen-equipment.jpg\" alt=\"Mat\u00e9riel de cuisine\" class=\"wp-image-1005\" srcset=\"https:\/\/kids-birthday-party.net\/wp-content\/uploads\/2025\/01\/kitchen-equipment.jpg 1200w, https:\/\/kids-birthday-party.net\/wp-content\/uploads\/2025\/01\/kitchen-equipment-300x200.jpg 300w, https:\/\/kids-birthday-party.net\/wp-content\/uploads\/2025\/01\/kitchen-equipment-1024x683.jpg 1024w, https:\/\/kids-birthday-party.net\/wp-content\/uploads\/2025\/01\/kitchen-equipment-768x512.jpg 768w\" sizes=\"auto, (max-width: 1200px) 100vw, 1200px\" \/><\/figure>\n<\/figure>\n\n\n\n<p>Pour <strong>les ingr\u00e9dients<\/strong> (pour un g\u00e2teau d&rsquo;anniversaire de <strong>6 personnes<\/strong>) :<\/p>\n\n\n\n<ul class=\"wp-block-list\">\n<li><strong>3 \u0153ufs<\/strong><\/li>\n\n\n\n<li><strong>90 g de sucre en poudre<\/strong><\/li>\n\n\n\n<li><strong>90 g de farine tamis\u00e9e<\/strong>, de pr\u00e9f\u00e9rence de type T45<\/li>\n\n\n\n<li>une pinc\u00e9e de sel<\/li>\n\n\n\n<li>du beurre ou de l&rsquo;huile pour graisser le moule, si vous n\u2019utilisez pas de papier cuisson<\/li>\n<\/ul>\n\n\n\n<h2 class=\"wp-block-heading\">Recette de la g\u00e9noise<\/h2>\n\n\n\n<p>Voici maintenant la recette d\u00e9taill\u00e9e de la g\u00e9noise pour votre g\u00e2teau d&rsquo;anniversaire.<\/p>\n\n\n\n<p>Tout d&rsquo;abord, pour gagner du temps, fa\u00eetes <strong>pr\u00e9chauffer votre four<\/strong> \u00e0 180\u00b0C (thermostat 6).<\/p>\n\n\n\n<h3 class=\"wp-block-heading\">Monter les \u0153ufs avec le sucre<\/h3>\n\n\n\n<p>Dans votre saladier, cassez les \u0153ufs en entier.<\/p>\n\n\n\n<p>Ajoutez le sucre en poudre et fouettez le m\u00e9lange au bain-marie. Pour cela, placez-le au-dessus une casserole d&rsquo;eau bouillante. Cela aidera \u00e0 faire monter le m\u00e9lange !<\/p>\n\n\n\n<figure class=\"wp-block-gallery has-nested-images columns-default is-cropped wp-block-gallery-2 is-layout-flex wp-block-gallery-is-layout-flex\">\n<figure class=\"wp-block-image size-full\"><img loading=\"lazy\" decoding=\"async\" width=\"1200\" height=\"800\" data-id=\"1002\" src=\"https:\/\/kids-birthday-party.net\/wp-content\/uploads\/2025\/01\/in-the-kitchen.jpg\" alt=\"Dans la cuisine\" class=\"wp-image-1002\" srcset=\"https:\/\/kids-birthday-party.net\/wp-content\/uploads\/2025\/01\/in-the-kitchen.jpg 1200w, https:\/\/kids-birthday-party.net\/wp-content\/uploads\/2025\/01\/in-the-kitchen-300x200.jpg 300w, https:\/\/kids-birthday-party.net\/wp-content\/uploads\/2025\/01\/in-the-kitchen-1024x683.jpg 1024w, https:\/\/kids-birthday-party.net\/wp-content\/uploads\/2025\/01\/in-the-kitchen-768x512.jpg 768w\" sizes=\"auto, (max-width: 1200px) 100vw, 1200px\" \/><\/figure>\n<\/figure>\n\n\n\n<p>Continuez de fouetter jusqu&rsquo;\u00e0 ce que le sucre soit dissous.<\/p>\n\n\n\n<p>Lorsque la pr\u00e9paration est homog\u00e8ne, retirez votre saladier du bain-marie, puis fouettez \u00e9nergiquement. Vous pouvez utiliser un fouet \u00e9lectrique si vous en avez un. L&rsquo;objectif est d&rsquo;obtenir un m\u00e9lange qui blanchit bien et qui triple de volume.<\/p>\n\n\n\n<p>Concr\u00e8tement, il doit former un ruban lorsqu\u2019il coule du fouet.<\/p>\n\n\n\n<h3 class=\"wp-block-heading\">Incorporer la farine<\/h3>\n\n\n\n<p>Ensuite, continuez cette recette de la g\u00e9noise <strong>en ajoutant la farine<\/strong>. Vous pouvez tout mettre d&rsquo;un seul coup. <\/p>\n\n\n\n<p>Pour la suite, il faut en revanche l&rsquo;incorporer <strong>petit \u00e0 petit<\/strong> au m\u00e9lange, \u00e0 l&rsquo;aide de votre spatule.<\/p>\n\n\n\n<p>Pour \u00e9viter de faire retomber la pr\u00e9paration, faites des mouvements de bas en haut. Il faut dans tous les cas le faire d\u00e9licatement pour bien l&rsquo;a\u00e9rer.<\/p>\n\n\n\n<p>Une fois l&rsquo;obtention d&rsquo;un m\u00e9lange homog\u00e8ne, versez le tout dans votre moule. Lissez la surface avec la spatule si n\u00e9cessaire.<\/p>\n\n\n\n<p>Astuce : afin de <strong>faciliter le d\u00e9moulage<\/strong>, beurrez et farinez l\u00e9g\u00e8rement votre moule avant d&rsquo;y verser votre pr\u00e9paration. Vous pouvez aussi le tapisser d&rsquo;un papier cuisson.<\/p>\n\n\n\n<p>C&rsquo;est termin\u00e9 pour la confection. Si vous pr\u00e9f\u00e9rez vous repr\u00e9senter visuellement tout \u00e7a, n&rsquo;h\u00e9sitez pas \u00e0 regarder cette vid\u00e9o, elle est tr\u00e8s bien fa\u00eete :<\/p>\n\n\n\n<center><iframe loading=\"lazy\" style=\"border: 5px solid #41AAD3; box-sizing: border-box;\" width=\"560\" height=\"315\" src=\"https:\/\/www.youtube.com\/embed\/P3ieXQuITCE?si=B7nnyrW51j4p8MYi\" title=\"YouTube video player\" frameborder=\"0\" allow=\"accelerometer; autoplay; clipboard-write; encrypted-media; gyroscope; picture-in-picture; web-share\" referrerpolicy=\"strict-origin-when-cross-origin\" allowfullscreen><\/iframe><\/center>\n\n\n\n<h3 class=\"wp-block-heading\">Cuire de la g\u00e9noise au four<\/h3>\n\n\n\n<p>Enfin, enfournez tout \u00e7a dans votre four pr\u00e9chauff\u00e9 \u00e0 <strong>180\u00b0C<\/strong>, pendant <strong>20 \u00e0 25 minutes<\/strong>. La g\u00e9noise est cuite lorsqu\u2019elle est l\u00e9g\u00e8rement dor\u00e9e et qu\u2019un couteau ou un cure-dent ins\u00e9r\u00e9 au centre en ressort propre.<\/p>\n\n\n\n<p>Pendant la cuisson, \u00e9vitez d\u2019ouvrir la porte du four pour qu&rsquo;elle ne retombe pas. Surveillez \u00e9galement r\u00e9guli\u00e8rement pour \u00e9viter qu&rsquo;elle ne devienne trop s\u00e8che.<\/p>\n\n\n\n<p>A la sortie du four, attendez 5 minutes avant de d\u00e9mouler d\u00e9licatement la g\u00e9noise.<\/p>\n\n\n\n<p>Laissez-la refroidir compl\u00e8tement sur une grille avant de la garnir ou de la d\u00e9corer.<\/p>\n\n\n\n<figure class=\"wp-block-gallery has-nested-images columns-default is-cropped wp-block-gallery-3 is-layout-flex wp-block-gallery-is-layout-flex\">\n<figure class=\"wp-block-image size-full\"><img loading=\"lazy\" decoding=\"async\" width=\"1200\" height=\"800\" data-id=\"1003\" src=\"https:\/\/kids-birthday-party.net\/wp-content\/uploads\/2025\/01\/sponge-cake-oven.jpg\" alt=\"G\u00e9noise dans un four\" class=\"wp-image-1003\" srcset=\"https:\/\/kids-birthday-party.net\/wp-content\/uploads\/2025\/01\/sponge-cake-oven.jpg 1200w, https:\/\/kids-birthday-party.net\/wp-content\/uploads\/2025\/01\/sponge-cake-oven-300x200.jpg 300w, https:\/\/kids-birthday-party.net\/wp-content\/uploads\/2025\/01\/sponge-cake-oven-1024x683.jpg 1024w, https:\/\/kids-birthday-party.net\/wp-content\/uploads\/2025\/01\/sponge-cake-oven-768x512.jpg 768w\" sizes=\"auto, (max-width: 1200px) 100vw, 1200px\" \/><\/figure>\n<\/figure>\n\n\n\n<p>Avec cette recette de g\u00e9noise facile et rapide \u00e0 faire, vous pouvez d\u00e9sormais r\u00e9aliser toutes sortes de g\u00e2teaux d&rsquo;anniversaire.<\/p>\n\n\n\n<p>Son moelleux s\u00e9duira vos invit\u00e9s tandis que sa simplicit\u00e9 vous permettra de la personnaliser selon vos envies !<\/p>\n","protected":false},"excerpt":{"rendered":"<p>Recette de g\u00e9noise pour un g\u00e2teau d&rsquo;anniversaire Un g\u00e2teau d&rsquo;anniversaire r\u00e9ussi commence par une bonne base, et quoi de mieux qu&rsquo;une g\u00e9noise moelleuse ? Simple \u00e0 r\u00e9aliser et l\u00e9g\u00e8re, elle permet de confectionner des recettes qui plaisent \u00e0 coup s\u00fbr aux plus petits. Dans ce guide, nous allons vous indiquer la recette de la g\u00e9noise &#8230; <a title=\"Recette de g\u00e9noise pour un g\u00e2teau d&rsquo;anniversaire\" class=\"read-more\" href=\"https:\/\/kids-birthday-party.net\/fr\/recette-genoise\/\" aria-label=\"En savoir plus sur Recette de g\u00e9noise pour un g\u00e2teau d&rsquo;anniversaire\">Lire la suite<\/a><\/p>\n","protected":false},"author":1,"featured_media":0,"parent":0,"menu_order":0,"comment_status":"closed","ping_status":"closed","template":"","meta":{"footnotes":""},"class_list":["post-70","page","type-page","status-publish"],"yoast_head":"<!-- This site is optimized with the Yoast SEO plugin v27.2 - https:\/\/yoast.com\/product\/yoast-seo-wordpress\/ -->\n<title>Recette de g\u00e9noise pour un g\u00e2teau d&#039;anniversaire r\u00e9ussi !<\/title>\n<meta name=\"description\" content=\"Suivez notre recette de g\u00e9noise l\u00e9g\u00e8re, id\u00e9ale pour r\u00e9ussir votre g\u00e2teau d&#039;anniversaire et pouvoir le garnir !\" \/>\n<meta name=\"robots\" content=\"index, follow, max-snippet:-1, max-image-preview:large, max-video-preview:-1\" \/>\n<link rel=\"canonical\" href=\"https:\/\/kids-birthday-party.net\/fr\/recette-genoise\/\" \/>\n<meta property=\"og:locale\" content=\"fr_FR\" \/>\n<meta property=\"og:type\" content=\"article\" \/>\n<meta property=\"og:title\" content=\"Recette de g\u00e9noise pour un g\u00e2teau d&#039;anniversaire r\u00e9ussi !\" \/>\n<meta property=\"og:description\" content=\"Suivez notre recette de g\u00e9noise l\u00e9g\u00e8re, id\u00e9ale pour r\u00e9ussir votre g\u00e2teau d&#039;anniversaire et pouvoir le garnir !\" \/>\n<meta property=\"og:url\" content=\"https:\/\/kids-birthday-party.net\/fr\/recette-genoise\/\" \/>\n<meta property=\"og:site_name\" content=\"Kids Birthday Party\" \/>\n<meta property=\"article:modified_time\" content=\"2026-03-26T19:01:44+00:00\" \/>\n<meta property=\"og:image\" content=\"https:\/\/kids-birthday-party.net\/wp-content\/uploads\/2025\/01\/kitchen-equipment.jpg\" \/>\n\t<meta property=\"og:image:width\" content=\"1200\" \/>\n\t<meta property=\"og:image:height\" content=\"800\" \/>\n\t<meta property=\"og:image:type\" content=\"image\/jpeg\" \/>\n<meta name=\"twitter:card\" content=\"summary_large_image\" \/>\n<meta name=\"twitter:label1\" content=\"Dur\u00e9e de lecture estim\u00e9e\" \/>\n\t<meta name=\"twitter:data1\" content=\"4 minutes\" \/>\n<script type=\"application\/ld+json\" class=\"yoast-schema-graph\">{\"@context\":\"https:\/\/schema.org\",\"@graph\":[{\"@type\":\"WebPage\",\"@id\":\"https:\/\/kids-birthday-party.net\/fr\/recette-genoise\/\",\"url\":\"https:\/\/kids-birthday-party.net\/fr\/recette-genoise\/\",\"name\":\"Recette de g\u00e9noise pour un g\u00e2teau d'anniversaire r\u00e9ussi !\",\"isPartOf\":{\"@id\":\"https:\/\/kids-birthday-party.net\/fr\/#website\"},\"primaryImageOfPage\":{\"@id\":\"https:\/\/kids-birthday-party.net\/fr\/recette-genoise\/#primaryimage\"},\"image\":{\"@id\":\"https:\/\/kids-birthday-party.net\/fr\/recette-genoise\/#primaryimage\"},\"thumbnailUrl\":\"https:\/\/kids-birthday-party.net\/wp-content\/uploads\/2025\/01\/kitchen-equipment.jpg\",\"datePublished\":\"2025-01-05T18:37:09+00:00\",\"dateModified\":\"2026-03-26T19:01:44+00:00\",\"description\":\"Suivez notre recette de g\u00e9noise l\u00e9g\u00e8re, id\u00e9ale pour r\u00e9ussir votre g\u00e2teau d'anniversaire et pouvoir le garnir !\",\"breadcrumb\":{\"@id\":\"https:\/\/kids-birthday-party.net\/fr\/recette-genoise\/#breadcrumb\"},\"inLanguage\":\"fr-FR\",\"potentialAction\":[{\"@type\":\"ReadAction\",\"target\":[\"https:\/\/kids-birthday-party.net\/fr\/recette-genoise\/\"]}]},{\"@type\":\"ImageObject\",\"inLanguage\":\"fr-FR\",\"@id\":\"https:\/\/kids-birthday-party.net\/fr\/recette-genoise\/#primaryimage\",\"url\":\"https:\/\/kids-birthday-party.net\/wp-content\/uploads\/2025\/01\/kitchen-equipment.jpg\",\"contentUrl\":\"https:\/\/kids-birthday-party.net\/wp-content\/uploads\/2025\/01\/kitchen-equipment.jpg\"},{\"@type\":\"BreadcrumbList\",\"@id\":\"https:\/\/kids-birthday-party.net\/fr\/recette-genoise\/#breadcrumb\",\"itemListElement\":[{\"@type\":\"ListItem\",\"position\":1,\"name\":\"Accueil\",\"item\":\"https:\/\/kids-birthday-party.net\/fr\/\"},{\"@type\":\"ListItem\",\"position\":2,\"name\":\"Recette de g\u00e9noise pour un g\u00e2teau d&#8217;anniversaire\"}]},{\"@type\":\"WebSite\",\"@id\":\"https:\/\/kids-birthday-party.net\/fr\/#website\",\"url\":\"https:\/\/kids-birthday-party.net\/fr\/\",\"name\":\"Kids Birthday Party\",\"description\":\"Organisez au mieux la f\u00eate d&#039;anniversaire de votre enfant !\",\"publisher\":{\"@id\":\"https:\/\/kids-birthday-party.net\/fr\/#organization\"},\"potentialAction\":[{\"@type\":\"SearchAction\",\"target\":{\"@type\":\"EntryPoint\",\"urlTemplate\":\"https:\/\/kids-birthday-party.net\/fr\/?s={search_term_string}\"},\"query-input\":{\"@type\":\"PropertyValueSpecification\",\"valueRequired\":true,\"valueName\":\"search_term_string\"}}],\"inLanguage\":\"fr-FR\"},{\"@type\":\"Organization\",\"@id\":\"https:\/\/kids-birthday-party.net\/fr\/#organization\",\"name\":\"Kids Birthday Party\",\"url\":\"https:\/\/kids-birthday-party.net\/fr\/\",\"logo\":{\"@type\":\"ImageObject\",\"inLanguage\":\"fr-FR\",\"@id\":\"https:\/\/kids-birthday-party.net\/fr\/#\/schema\/logo\/image\/\",\"url\":\"https:\/\/kids-birthday-party.net\/wp-content\/uploads\/2025\/01\/kids-birthday-party-logo.png\",\"contentUrl\":\"https:\/\/kids-birthday-party.net\/wp-content\/uploads\/2025\/01\/kids-birthday-party-logo.png\",\"width\":950,\"height\":273,\"caption\":\"Kids Birthday Party\"},\"image\":{\"@id\":\"https:\/\/kids-birthday-party.net\/fr\/#\/schema\/logo\/image\/\"}}]}<\/script>\n<!-- \/ Yoast SEO plugin. -->","yoast_head_json":{"title":"Recette de g\u00e9noise pour un g\u00e2teau d'anniversaire r\u00e9ussi !","description":"Suivez notre recette de g\u00e9noise l\u00e9g\u00e8re, id\u00e9ale pour r\u00e9ussir votre g\u00e2teau d'anniversaire et pouvoir le garnir !","robots":{"index":"index","follow":"follow","max-snippet":"max-snippet:-1","max-image-preview":"max-image-preview:large","max-video-preview":"max-video-preview:-1"},"canonical":"https:\/\/kids-birthday-party.net\/fr\/recette-genoise\/","og_locale":"fr_FR","og_type":"article","og_title":"Recette de g\u00e9noise pour un g\u00e2teau d'anniversaire r\u00e9ussi !","og_description":"Suivez notre recette de g\u00e9noise l\u00e9g\u00e8re, id\u00e9ale pour r\u00e9ussir votre g\u00e2teau d'anniversaire et pouvoir le garnir !","og_url":"https:\/\/kids-birthday-party.net\/fr\/recette-genoise\/","og_site_name":"Kids Birthday Party","article_modified_time":"2026-03-26T19:01:44+00:00","og_image":[{"width":1200,"height":800,"url":"https:\/\/kids-birthday-party.net\/wp-content\/uploads\/2025\/01\/kitchen-equipment.jpg","type":"image\/jpeg"}],"twitter_card":"summary_large_image","twitter_misc":{"Dur\u00e9e de lecture estim\u00e9e":"4 minutes"},"schema":{"@context":"https:\/\/schema.org","@graph":[{"@type":"WebPage","@id":"https:\/\/kids-birthday-party.net\/fr\/recette-genoise\/","url":"https:\/\/kids-birthday-party.net\/fr\/recette-genoise\/","name":"Recette de g\u00e9noise pour un g\u00e2teau d'anniversaire r\u00e9ussi !","isPartOf":{"@id":"https:\/\/kids-birthday-party.net\/fr\/#website"},"primaryImageOfPage":{"@id":"https:\/\/kids-birthday-party.net\/fr\/recette-genoise\/#primaryimage"},"image":{"@id":"https:\/\/kids-birthday-party.net\/fr\/recette-genoise\/#primaryimage"},"thumbnailUrl":"https:\/\/kids-birthday-party.net\/wp-content\/uploads\/2025\/01\/kitchen-equipment.jpg","datePublished":"2025-01-05T18:37:09+00:00","dateModified":"2026-03-26T19:01:44+00:00","description":"Suivez notre recette de g\u00e9noise l\u00e9g\u00e8re, id\u00e9ale pour r\u00e9ussir votre g\u00e2teau d'anniversaire et pouvoir le garnir !","breadcrumb":{"@id":"https:\/\/kids-birthday-party.net\/fr\/recette-genoise\/#breadcrumb"},"inLanguage":"fr-FR","potentialAction":[{"@type":"ReadAction","target":["https:\/\/kids-birthday-party.net\/fr\/recette-genoise\/"]}]},{"@type":"ImageObject","inLanguage":"fr-FR","@id":"https:\/\/kids-birthday-party.net\/fr\/recette-genoise\/#primaryimage","url":"https:\/\/kids-birthday-party.net\/wp-content\/uploads\/2025\/01\/kitchen-equipment.jpg","contentUrl":"https:\/\/kids-birthday-party.net\/wp-content\/uploads\/2025\/01\/kitchen-equipment.jpg"},{"@type":"BreadcrumbList","@id":"https:\/\/kids-birthday-party.net\/fr\/recette-genoise\/#breadcrumb","itemListElement":[{"@type":"ListItem","position":1,"name":"Accueil","item":"https:\/\/kids-birthday-party.net\/fr\/"},{"@type":"ListItem","position":2,"name":"Recette de g\u00e9noise pour un g\u00e2teau d&#8217;anniversaire"}]},{"@type":"WebSite","@id":"https:\/\/kids-birthday-party.net\/fr\/#website","url":"https:\/\/kids-birthday-party.net\/fr\/","name":"Kids Birthday Party","description":"Organisez au mieux la f\u00eate d&#039;anniversaire de votre enfant !","publisher":{"@id":"https:\/\/kids-birthday-party.net\/fr\/#organization"},"potentialAction":[{"@type":"SearchAction","target":{"@type":"EntryPoint","urlTemplate":"https:\/\/kids-birthday-party.net\/fr\/?s={search_term_string}"},"query-input":{"@type":"PropertyValueSpecification","valueRequired":true,"valueName":"search_term_string"}}],"inLanguage":"fr-FR"},{"@type":"Organization","@id":"https:\/\/kids-birthday-party.net\/fr\/#organization","name":"Kids Birthday Party","url":"https:\/\/kids-birthday-party.net\/fr\/","logo":{"@type":"ImageObject","inLanguage":"fr-FR","@id":"https:\/\/kids-birthday-party.net\/fr\/#\/schema\/logo\/image\/","url":"https:\/\/kids-birthday-party.net\/wp-content\/uploads\/2025\/01\/kids-birthday-party-logo.png","contentUrl":"https:\/\/kids-birthday-party.net\/wp-content\/uploads\/2025\/01\/kids-birthday-party-logo.png","width":950,"height":273,"caption":"Kids Birthday Party"},"image":{"@id":"https:\/\/kids-birthday-party.net\/fr\/#\/schema\/logo\/image\/"}}]}},"_links":{"self":[{"href":"https:\/\/kids-birthday-party.net\/fr\/wp-json\/wp\/v2\/pages\/70","targetHints":{"allow":["GET"]}}],"collection":[{"href":"https:\/\/kids-birthday-party.net\/fr\/wp-json\/wp\/v2\/pages"}],"about":[{"href":"https:\/\/kids-birthday-party.net\/fr\/wp-json\/wp\/v2\/types\/page"}],"author":[{"embeddable":true,"href":"https:\/\/kids-birthday-party.net\/fr\/wp-json\/wp\/v2\/users\/1"}],"replies":[{"embeddable":true,"href":"https:\/\/kids-birthday-party.net\/fr\/wp-json\/wp\/v2\/comments?post=70"}],"version-history":[{"count":19,"href":"https:\/\/kids-birthday-party.net\/fr\/wp-json\/wp\/v2\/pages\/70\/revisions"}],"predecessor-version":[{"id":1756,"href":"https:\/\/kids-birthday-party.net\/fr\/wp-json\/wp\/v2\/pages\/70\/revisions\/1756"}],"wp:attachment":[{"href":"https:\/\/kids-birthday-party.net\/fr\/wp-json\/wp\/v2\/media?parent=70"}],"curies":[{"name":"wp","href":"https:\/\/api.w.org\/{rel}","templated":true}]}}