{"id":65,"date":"2025-01-05T18:32:42","date_gmt":"2025-01-05T18:32:42","guid":{"rendered":"https:\/\/kids-birthday-party.net\/?page_id=65"},"modified":"2026-03-25T15:55:46","modified_gmt":"2026-03-25T15:55:46","slug":"fabrication-pinata","status":"publish","type":"page","link":"https:\/\/kids-birthday-party.net\/fr\/fabrication-pinata\/","title":{"rendered":"Comment fabriquer une pi\u00f1ata pour un anniversaire ?"},"content":{"rendered":"<div class=\"gb-container gb-container-915c4183 banniere alignfull\">\n<div class=\"gb-container gb-container-de6459b7\">\n\n<h1 class=\"wp-block-heading has-text-align-center\">Comment fabriquer une pi\u00f1ata pour un anniversaire ?<\/h1>\n\n<\/div>\n<\/div>\n\n\n<p><a href=\"\/fr\/\">Organiser une f\u00eate d&rsquo;anniversaire<\/a> passe souvent par des activit\u00e9s et des surprises qui \u00e9merveillent les plus petits. Et quoi de mieux que de fabriquer une pi\u00f1ata personnalis\u00e9e pour ajouter une touche de plaisir ?<\/p>\n\n\n\n<p>Dans ce guide, nous allons vous apprendre \u00e0 en confectionner une par vous-m\u00eame. Quelle que soit la forme souhait\u00e9e pour votre th\u00e8me d&rsquo;anniversaire, la base sera la m\u00eame.<\/p>\n\n\n\n<p>Pr\u00e9parez donc vos ciseaux, votre papier m\u00e2ch\u00e9 et votre cr\u00e9ativit\u00e9, votre chef-d&rsquo;\u0153uvre fera sensation aupr\u00e8s des invit\u00e9s\u202f!<\/p>\n\n\n\n<h2 class=\"wp-block-heading\">Le mat\u00e9riel n\u00e9cessaire \u00e0 la fabrication de la pi\u00f1ata<\/h2>\n\n\n\n<p>Avant d&rsquo;entrer dans les d\u00e9tails de sa confection, attardons-nous d&rsquo;abord sur le mat\u00e9riel dont vous allez avoir besoin.<\/p>\n\n\n\n<p>Le voici :<\/p>\n\n\n\n<ul class=\"wp-block-list\">\n<li><strong>un ballon<\/strong> de baudruche, pour la structure de base. Sa couleur n&rsquo;a aucune importance.<\/li>\n\n\n\n<li><strong>du papier journal<\/strong>, que vous aurez \u00e0 d\u00e9chirer en bandes.<\/li>\n\n\n\n<li><strong>de la colle \u00e0 papier m\u00e2ch\u00e9<\/strong>. Pour cela, m\u00e9langez 2 parts de colle blanche avec 1 part d&rsquo;eau, ou pr\u00e9parez une p\u00e2te avec 1 part de farine et 2 parts d&rsquo;eau, chauff\u00e9e l\u00e9g\u00e8rement.<\/li>\n\n\n\n<li><strong>du carton l\u00e9ger<\/strong>, pour les d\u00e9tails (une queue par exemple, des jambes, une t\u00eate, etc&#8230;).<\/li>\n\n\n\n<li><strong>de la peinture acrylique<\/strong> et des pinceaux.<\/li>\n\n\n\n<li><strong>du papier cr\u00e9pon<\/strong> ou du papier de soie, pour d\u00e9corer.<\/li>\n\n\n\n<li><strong>des ciseaux<\/strong> et du ruban adh\u00e9sif.<\/li>\n\n\n\n<li><strong>du fil solide<\/strong> ou de la ficelle, pour suspendre la pi\u00f1ata.<\/li>\n\n\n\n<li><strong>des bonbons et des petits jouets<\/strong>, comme des figurines en rapport avec le th\u00e8me de votre anniversaire, pour le remplissage.<\/li>\n<\/ul>\n\n\n\n<figure class=\"wp-block-gallery has-nested-images columns-default is-cropped wp-block-gallery-1 is-layout-flex wp-block-gallery-is-layout-flex\">\n<figure class=\"wp-block-image size-full\"><img loading=\"lazy\" decoding=\"async\" width=\"1200\" height=\"800\" data-id=\"1269\" src=\"https:\/\/kids-birthday-party.net\/wp-content\/uploads\/2025\/01\/material-pinata.jpg\" alt=\"Mat\u00e9riel pour une pinata\" class=\"wp-image-1269\" srcset=\"https:\/\/kids-birthday-party.net\/wp-content\/uploads\/2025\/01\/material-pinata.jpg 1200w, https:\/\/kids-birthday-party.net\/wp-content\/uploads\/2025\/01\/material-pinata-300x200.jpg 300w, https:\/\/kids-birthday-party.net\/wp-content\/uploads\/2025\/01\/material-pinata-1024x683.jpg 1024w, https:\/\/kids-birthday-party.net\/wp-content\/uploads\/2025\/01\/material-pinata-768x512.jpg 768w\" sizes=\"auto, (max-width: 1200px) 100vw, 1200px\" \/><\/figure>\n<\/figure>\n\n\n\n<h2 class=\"wp-block-heading\">La confection<\/h2>\n\n\n\n<p>Cr\u00e9ez la structure de base en gonflant un ballon pour le corps. Utilisez des morceaux de carton pour cr\u00e9er les \u00e9l\u00e9ments compl\u00e9mentaires comme par exemple les jambes, la queue et le cou. Attachez-les au ballon avec du ruban adh\u00e9sif.<\/p>\n\n\n\n<p>Appliquez le papier m\u00e2ch\u00e9 en trempant les bandes de papier journal dans la colle \u00e0 papier m\u00e2ch\u00e9, puis en les posant sur la structure. Recouvrez uniform\u00e9ment le ballon et les parties en carton.<\/p>\n\n\n\n<p>Ajoutez plusieurs couches pour assurer la solidit\u00e9 (environ 3 \u00e0 5). Laissez s\u00e9cher compl\u00e8tement apr\u00e8s chaque couche, environ 24 heures.<\/p>\n\n\n\n<p>Une fois que la base est s\u00e8che, formez les d\u00e9tails (comme par exemple des cr\u00eates, des griffes ou des dents en fonction de votre th\u00e8me), en d\u00e9coupant du carton ou du papier \u00e9pais. Fixez-les avec du ruban adh\u00e9sif ou directement avec du papier m\u00e2ch\u00e9.<\/p>\n\n\n\n<p>Recouvrez les ajouts de papier m\u00e2ch\u00e9 pour les int\u00e9grer \u00e0 la structure principale.<\/p>\n\n\n\n<p>Peignez la pi\u00f1ata selon les couleurs de ce qu&rsquo;elle repr\u00e9sente. Laissez s\u00e9cher durant quelques heures.<\/p>\n\n\n\n<p>Cette <strong>vid\u00e9o explicative<\/strong> vous montrera concr\u00e8tement comment r\u00e9aliser ces diff\u00e9rentes \u00e9tapes (sur un exemple de Pokeball Pokemon) :<\/p>\n\n\n\n<center><iframe loading=\"lazy\" style=\"border: 5px solid #41AAD3; box-sizing: border-box;\" width=\"560\" height=\"315\" src=\"https:\/\/www.youtube.com\/embed\/FFg3fL1SIgg?si=1C56rnu3Vneh2Wv-\" title=\"YouTube video player\" frameborder=\"0\" allow=\"accelerometer; autoplay; clipboard-write; encrypted-media; gyroscope; picture-in-picture; web-share\" referrerpolicy=\"strict-origin-when-cross-origin\" allowfullscreen><\/iframe><\/center>\n\n\n\n<h2 class=\"wp-block-heading\">La finition<\/h2>\n\n\n\n<p>Une fois la pi\u00f1ata compl\u00e8tement s\u00e8che, percez le ballon \u00e0 l\u2019int\u00e9rieur pour le retirer. D\u00e9coupez une petite trappe pour ins\u00e9rer les bonbons et jouets.<\/p>\n\n\n\n<p>Ajoutez du papier cr\u00e9pon ou du papier de soie pour un effet festif. Collez-le en couches ou en franges pour un aspect textur\u00e9.<\/p>\n\n\n\n<p>Ins\u00e9rez les bonbons et jouets dans l\u2019ouverture. Fermez-la avec du ruban adh\u00e9sif ou une autre couche de papier m\u00e2ch\u00e9.<\/p>\n\n\n\n<p>Enfin, pour la suspendre, faites deux petits trous dans le haut de la pi\u00f1ata. Passez-y un fil ou une ficelle solide et faites un n\u0153ud pour cr\u00e9er une boucle de suspension.<\/p>\n\n\n\n<figure class=\"wp-block-gallery has-nested-images columns-default is-cropped wp-block-gallery-2 is-layout-flex wp-block-gallery-is-layout-flex\">\n<figure class=\"wp-block-image size-full\"><img loading=\"lazy\" decoding=\"async\" width=\"1200\" height=\"800\" data-id=\"1244\" src=\"https:\/\/kids-birthday-party.net\/wp-content\/uploads\/2025\/01\/pinata-helmet.jpg\" alt=\"Pinata en forme de heaume\" class=\"wp-image-1244\" srcset=\"https:\/\/kids-birthday-party.net\/wp-content\/uploads\/2025\/01\/pinata-helmet.jpg 1200w, https:\/\/kids-birthday-party.net\/wp-content\/uploads\/2025\/01\/pinata-helmet-300x200.jpg 300w, https:\/\/kids-birthday-party.net\/wp-content\/uploads\/2025\/01\/pinata-helmet-1024x683.jpg 1024w, https:\/\/kids-birthday-party.net\/wp-content\/uploads\/2025\/01\/pinata-helmet-768x512.jpg 768w\" sizes=\"auto, (max-width: 1200px) 100vw, 1200px\" \/><\/figure>\n\n\n\n<figure class=\"wp-block-image size-full\"><img loading=\"lazy\" decoding=\"async\" width=\"1200\" height=\"800\" data-id=\"1086\" src=\"https:\/\/kids-birthday-party.net\/wp-content\/uploads\/2025\/01\/pinata-unicorn.jpg\" alt=\"Pinata licorne\" class=\"wp-image-1086\" srcset=\"https:\/\/kids-birthday-party.net\/wp-content\/uploads\/2025\/01\/pinata-unicorn.jpg 1200w, https:\/\/kids-birthday-party.net\/wp-content\/uploads\/2025\/01\/pinata-unicorn-300x200.jpg 300w, https:\/\/kids-birthday-party.net\/wp-content\/uploads\/2025\/01\/pinata-unicorn-1024x683.jpg 1024w, https:\/\/kids-birthday-party.net\/wp-content\/uploads\/2025\/01\/pinata-unicorn-768x512.jpg 768w\" sizes=\"auto, (max-width: 1200px) 100vw, 1200px\" \/><\/figure>\n\n\n\n<figure class=\"wp-block-image size-full\"><img loading=\"lazy\" decoding=\"async\" width=\"1200\" height=\"800\" data-id=\"1035\" src=\"https:\/\/kids-birthday-party.net\/wp-content\/uploads\/2025\/01\/pinata-dinosaur.jpg\" alt=\"Pinata dinosaure\" class=\"wp-image-1035\" srcset=\"https:\/\/kids-birthday-party.net\/wp-content\/uploads\/2025\/01\/pinata-dinosaur.jpg 1200w, https:\/\/kids-birthday-party.net\/wp-content\/uploads\/2025\/01\/pinata-dinosaur-300x200.jpg 300w, https:\/\/kids-birthday-party.net\/wp-content\/uploads\/2025\/01\/pinata-dinosaur-1024x683.jpg 1024w, https:\/\/kids-birthday-party.net\/wp-content\/uploads\/2025\/01\/pinata-dinosaur-768x512.jpg 768w\" sizes=\"auto, (max-width: 1200px) 100vw, 1200px\" \/><\/figure>\n<\/figure>\n\n\n\n<p>Cr\u00e9er une pi\u00f1ata pour une f\u00eate d\u2019anniversaire est bien plus qu\u2019une simple activit\u00e9 manuelle, c\u2019est une fa\u00e7on unique d\u2019ajouter une touche personnelle \u00e0 l\u2019\u00e9v\u00e9nement.<\/p>\n\n\n\n<p>En suivant ces \u00e9tapes simples, vous aurez non seulement la satisfaction d\u2019avoir fabriqu\u00e9 quelque chose de vos propres mains, mais vous contribuerez aussi \u00e0 rendre la f\u00eate de votre enfant encore plus joyeuse !<\/p>\n","protected":false},"excerpt":{"rendered":"<p>Comment fabriquer une pi\u00f1ata pour un anniversaire ? Organiser une f\u00eate d&rsquo;anniversaire passe souvent par des activit\u00e9s et des surprises qui \u00e9merveillent les plus petits. Et quoi de mieux que de fabriquer une pi\u00f1ata personnalis\u00e9e pour ajouter une touche de plaisir ? Dans ce guide, nous allons vous apprendre \u00e0 en confectionner une par vous-m\u00eame. &#8230; <a title=\"Comment fabriquer une pi\u00f1ata pour un anniversaire ?\" class=\"read-more\" href=\"https:\/\/kids-birthday-party.net\/fr\/fabrication-pinata\/\" aria-label=\"En savoir plus sur Comment fabriquer une pi\u00f1ata pour un anniversaire ?\">Lire la suite<\/a><\/p>\n","protected":false},"author":1,"featured_media":0,"parent":0,"menu_order":0,"comment_status":"closed","ping_status":"closed","template":"","meta":{"footnotes":""},"class_list":["post-65","page","type-page","status-publish"],"yoast_head":"<!-- This site is optimized with the Yoast SEO plugin v27.2 - https:\/\/yoast.com\/product\/yoast-seo-wordpress\/ -->\n<title>Comment fabriquer une pi\u00f1ata pour un anniversaire ?<\/title>\n<meta name=\"description\" content=\"D\u00e9couvrez les \u00e9tapes simples pour fabriquer une pi\u00f1ata : mat\u00e9riel, techniques et astuces pour cr\u00e9er cette animation d&#039;anniversaire amusante !\" \/>\n<meta name=\"robots\" content=\"index, follow, max-snippet:-1, max-image-preview:large, max-video-preview:-1\" \/>\n<link rel=\"canonical\" href=\"https:\/\/kids-birthday-party.net\/fr\/fabrication-pinata\/\" \/>\n<meta property=\"og:locale\" content=\"fr_FR\" \/>\n<meta property=\"og:type\" content=\"article\" \/>\n<meta property=\"og:title\" content=\"Comment fabriquer une pi\u00f1ata pour un anniversaire ?\" \/>\n<meta property=\"og:description\" content=\"D\u00e9couvrez les \u00e9tapes simples pour fabriquer une pi\u00f1ata : mat\u00e9riel, techniques et astuces pour cr\u00e9er cette animation d&#039;anniversaire amusante !\" \/>\n<meta property=\"og:url\" content=\"https:\/\/kids-birthday-party.net\/fr\/fabrication-pinata\/\" \/>\n<meta property=\"og:site_name\" content=\"Kids Birthday Party\" \/>\n<meta property=\"article:modified_time\" content=\"2026-03-25T15:55:46+00:00\" \/>\n<meta property=\"og:image\" content=\"https:\/\/kids-birthday-party.net\/wp-content\/uploads\/2025\/01\/material-pinata.jpg\" \/>\n\t<meta property=\"og:image:width\" content=\"1200\" \/>\n\t<meta property=\"og:image:height\" content=\"800\" \/>\n\t<meta property=\"og:image:type\" content=\"image\/jpeg\" \/>\n<meta name=\"twitter:card\" content=\"summary_large_image\" \/>\n<meta name=\"twitter:label1\" content=\"Dur\u00e9e de lecture estim\u00e9e\" \/>\n\t<meta name=\"twitter:data1\" content=\"4 minutes\" \/>\n<script type=\"application\/ld+json\" class=\"yoast-schema-graph\">{\"@context\":\"https:\/\/schema.org\",\"@graph\":[{\"@type\":\"WebPage\",\"@id\":\"https:\/\/kids-birthday-party.net\/fr\/fabrication-pinata\/\",\"url\":\"https:\/\/kids-birthday-party.net\/fr\/fabrication-pinata\/\",\"name\":\"Comment fabriquer une pi\u00f1ata pour un anniversaire ?\",\"isPartOf\":{\"@id\":\"https:\/\/kids-birthday-party.net\/fr\/#website\"},\"primaryImageOfPage\":{\"@id\":\"https:\/\/kids-birthday-party.net\/fr\/fabrication-pinata\/#primaryimage\"},\"image\":{\"@id\":\"https:\/\/kids-birthday-party.net\/fr\/fabrication-pinata\/#primaryimage\"},\"thumbnailUrl\":\"https:\/\/kids-birthday-party.net\/wp-content\/uploads\/2025\/01\/material-pinata.jpg\",\"datePublished\":\"2025-01-05T18:32:42+00:00\",\"dateModified\":\"2026-03-25T15:55:46+00:00\",\"description\":\"D\u00e9couvrez les \u00e9tapes simples pour fabriquer une pi\u00f1ata : mat\u00e9riel, techniques et astuces pour cr\u00e9er cette animation d'anniversaire amusante !\",\"breadcrumb\":{\"@id\":\"https:\/\/kids-birthday-party.net\/fr\/fabrication-pinata\/#breadcrumb\"},\"inLanguage\":\"fr-FR\",\"potentialAction\":[{\"@type\":\"ReadAction\",\"target\":[\"https:\/\/kids-birthday-party.net\/fr\/fabrication-pinata\/\"]}]},{\"@type\":\"ImageObject\",\"inLanguage\":\"fr-FR\",\"@id\":\"https:\/\/kids-birthday-party.net\/fr\/fabrication-pinata\/#primaryimage\",\"url\":\"https:\/\/kids-birthday-party.net\/wp-content\/uploads\/2025\/01\/material-pinata.jpg\",\"contentUrl\":\"https:\/\/kids-birthday-party.net\/wp-content\/uploads\/2025\/01\/material-pinata.jpg\"},{\"@type\":\"BreadcrumbList\",\"@id\":\"https:\/\/kids-birthday-party.net\/fr\/fabrication-pinata\/#breadcrumb\",\"itemListElement\":[{\"@type\":\"ListItem\",\"position\":1,\"name\":\"Accueil\",\"item\":\"https:\/\/kids-birthday-party.net\/fr\/\"},{\"@type\":\"ListItem\",\"position\":2,\"name\":\"Comment fabriquer une pi\u00f1ata pour un anniversaire ?\"}]},{\"@type\":\"WebSite\",\"@id\":\"https:\/\/kids-birthday-party.net\/fr\/#website\",\"url\":\"https:\/\/kids-birthday-party.net\/fr\/\",\"name\":\"Kids Birthday Party\",\"description\":\"Organisez au mieux la f\u00eate d&#039;anniversaire de votre enfant !\",\"publisher\":{\"@id\":\"https:\/\/kids-birthday-party.net\/fr\/#organization\"},\"potentialAction\":[{\"@type\":\"SearchAction\",\"target\":{\"@type\":\"EntryPoint\",\"urlTemplate\":\"https:\/\/kids-birthday-party.net\/fr\/?s={search_term_string}\"},\"query-input\":{\"@type\":\"PropertyValueSpecification\",\"valueRequired\":true,\"valueName\":\"search_term_string\"}}],\"inLanguage\":\"fr-FR\"},{\"@type\":\"Organization\",\"@id\":\"https:\/\/kids-birthday-party.net\/fr\/#organization\",\"name\":\"Kids Birthday Party\",\"url\":\"https:\/\/kids-birthday-party.net\/fr\/\",\"logo\":{\"@type\":\"ImageObject\",\"inLanguage\":\"fr-FR\",\"@id\":\"https:\/\/kids-birthday-party.net\/fr\/#\/schema\/logo\/image\/\",\"url\":\"https:\/\/kids-birthday-party.net\/wp-content\/uploads\/2025\/01\/kids-birthday-party-logo.png\",\"contentUrl\":\"https:\/\/kids-birthday-party.net\/wp-content\/uploads\/2025\/01\/kids-birthday-party-logo.png\",\"width\":950,\"height\":273,\"caption\":\"Kids Birthday Party\"},\"image\":{\"@id\":\"https:\/\/kids-birthday-party.net\/fr\/#\/schema\/logo\/image\/\"}}]}<\/script>\n<!-- \/ Yoast SEO plugin. -->","yoast_head_json":{"title":"Comment fabriquer une pi\u00f1ata pour un anniversaire ?","description":"D\u00e9couvrez les \u00e9tapes simples pour fabriquer une pi\u00f1ata : mat\u00e9riel, techniques et astuces pour cr\u00e9er cette animation d'anniversaire amusante !","robots":{"index":"index","follow":"follow","max-snippet":"max-snippet:-1","max-image-preview":"max-image-preview:large","max-video-preview":"max-video-preview:-1"},"canonical":"https:\/\/kids-birthday-party.net\/fr\/fabrication-pinata\/","og_locale":"fr_FR","og_type":"article","og_title":"Comment fabriquer une pi\u00f1ata pour un anniversaire ?","og_description":"D\u00e9couvrez les \u00e9tapes simples pour fabriquer une pi\u00f1ata : mat\u00e9riel, techniques et astuces pour cr\u00e9er cette animation d'anniversaire amusante !","og_url":"https:\/\/kids-birthday-party.net\/fr\/fabrication-pinata\/","og_site_name":"Kids Birthday Party","article_modified_time":"2026-03-25T15:55:46+00:00","og_image":[{"width":1200,"height":800,"url":"https:\/\/kids-birthday-party.net\/wp-content\/uploads\/2025\/01\/material-pinata.jpg","type":"image\/jpeg"}],"twitter_card":"summary_large_image","twitter_misc":{"Dur\u00e9e de lecture estim\u00e9e":"4 minutes"},"schema":{"@context":"https:\/\/schema.org","@graph":[{"@type":"WebPage","@id":"https:\/\/kids-birthday-party.net\/fr\/fabrication-pinata\/","url":"https:\/\/kids-birthday-party.net\/fr\/fabrication-pinata\/","name":"Comment fabriquer une pi\u00f1ata pour un anniversaire ?","isPartOf":{"@id":"https:\/\/kids-birthday-party.net\/fr\/#website"},"primaryImageOfPage":{"@id":"https:\/\/kids-birthday-party.net\/fr\/fabrication-pinata\/#primaryimage"},"image":{"@id":"https:\/\/kids-birthday-party.net\/fr\/fabrication-pinata\/#primaryimage"},"thumbnailUrl":"https:\/\/kids-birthday-party.net\/wp-content\/uploads\/2025\/01\/material-pinata.jpg","datePublished":"2025-01-05T18:32:42+00:00","dateModified":"2026-03-25T15:55:46+00:00","description":"D\u00e9couvrez les \u00e9tapes simples pour fabriquer une pi\u00f1ata : mat\u00e9riel, techniques et astuces pour cr\u00e9er cette animation d'anniversaire amusante !","breadcrumb":{"@id":"https:\/\/kids-birthday-party.net\/fr\/fabrication-pinata\/#breadcrumb"},"inLanguage":"fr-FR","potentialAction":[{"@type":"ReadAction","target":["https:\/\/kids-birthday-party.net\/fr\/fabrication-pinata\/"]}]},{"@type":"ImageObject","inLanguage":"fr-FR","@id":"https:\/\/kids-birthday-party.net\/fr\/fabrication-pinata\/#primaryimage","url":"https:\/\/kids-birthday-party.net\/wp-content\/uploads\/2025\/01\/material-pinata.jpg","contentUrl":"https:\/\/kids-birthday-party.net\/wp-content\/uploads\/2025\/01\/material-pinata.jpg"},{"@type":"BreadcrumbList","@id":"https:\/\/kids-birthday-party.net\/fr\/fabrication-pinata\/#breadcrumb","itemListElement":[{"@type":"ListItem","position":1,"name":"Accueil","item":"https:\/\/kids-birthday-party.net\/fr\/"},{"@type":"ListItem","position":2,"name":"Comment fabriquer une pi\u00f1ata pour un anniversaire ?"}]},{"@type":"WebSite","@id":"https:\/\/kids-birthday-party.net\/fr\/#website","url":"https:\/\/kids-birthday-party.net\/fr\/","name":"Kids Birthday Party","description":"Organisez au mieux la f\u00eate d&#039;anniversaire de votre enfant !","publisher":{"@id":"https:\/\/kids-birthday-party.net\/fr\/#organization"},"potentialAction":[{"@type":"SearchAction","target":{"@type":"EntryPoint","urlTemplate":"https:\/\/kids-birthday-party.net\/fr\/?s={search_term_string}"},"query-input":{"@type":"PropertyValueSpecification","valueRequired":true,"valueName":"search_term_string"}}],"inLanguage":"fr-FR"},{"@type":"Organization","@id":"https:\/\/kids-birthday-party.net\/fr\/#organization","name":"Kids Birthday Party","url":"https:\/\/kids-birthday-party.net\/fr\/","logo":{"@type":"ImageObject","inLanguage":"fr-FR","@id":"https:\/\/kids-birthday-party.net\/fr\/#\/schema\/logo\/image\/","url":"https:\/\/kids-birthday-party.net\/wp-content\/uploads\/2025\/01\/kids-birthday-party-logo.png","contentUrl":"https:\/\/kids-birthday-party.net\/wp-content\/uploads\/2025\/01\/kids-birthday-party-logo.png","width":950,"height":273,"caption":"Kids Birthday Party"},"image":{"@id":"https:\/\/kids-birthday-party.net\/fr\/#\/schema\/logo\/image\/"}}]}},"_links":{"self":[{"href":"https:\/\/kids-birthday-party.net\/fr\/wp-json\/wp\/v2\/pages\/65","targetHints":{"allow":["GET"]}}],"collection":[{"href":"https:\/\/kids-birthday-party.net\/fr\/wp-json\/wp\/v2\/pages"}],"about":[{"href":"https:\/\/kids-birthday-party.net\/fr\/wp-json\/wp\/v2\/types\/page"}],"author":[{"embeddable":true,"href":"https:\/\/kids-birthday-party.net\/fr\/wp-json\/wp\/v2\/users\/1"}],"replies":[{"embeddable":true,"href":"https:\/\/kids-birthday-party.net\/fr\/wp-json\/wp\/v2\/comments?post=65"}],"version-history":[{"count":21,"href":"https:\/\/kids-birthday-party.net\/fr\/wp-json\/wp\/v2\/pages\/65\/revisions"}],"predecessor-version":[{"id":1742,"href":"https:\/\/kids-birthday-party.net\/fr\/wp-json\/wp\/v2\/pages\/65\/revisions\/1742"}],"wp:attachment":[{"href":"https:\/\/kids-birthday-party.net\/fr\/wp-json\/wp\/v2\/media?parent=65"}],"curies":[{"name":"wp","href":"https:\/\/api.w.org\/{rel}","templated":true}]}}