{"id":579,"date":"2025-01-05T18:34:36","date_gmt":"2025-01-05T18:34:36","guid":{"rendered":"https:\/\/kids-birthday-party.net\/?page_id=579"},"modified":"2026-03-25T15:55:43","modified_gmt":"2026-03-25T15:55:43","slug":"recette-cupcakes","status":"publish","type":"page","link":"https:\/\/kids-birthday-party.net\/fr\/recette-cupcakes\/","title":{"rendered":"Recette de cupcakes"},"content":{"rendered":"<div class=\"gb-container gb-container-915c4183 banniere alignfull\">\n<div class=\"gb-container gb-container-de6459b7\">\n\n<h1 class=\"wp-block-heading has-text-align-center\">Recette de cupcakes<\/h1>\n\n<\/div>\n<\/div>\n\n\n<p>Les cupcakes conviennent parfaitement \u00e0 toutes les occasions. Et c&rsquo;est d&rsquo;autant plus le cas pour <a href=\"\/fr\/\">l&rsquo;organisation d&rsquo;un anniversaire d&rsquo;enfants<\/a> o\u00f9 l&rsquo;on recherche l&rsquo;efficacit\u00e9 dans les pr\u00e9paratifs ! Voici une recette de cupcakes facile pour vous accompagner dans cette \u00e9tape.<\/p>\n\n\n\n<h2 class=\"wp-block-heading\">Le mat\u00e9riel et les ingr\u00e9dients n\u00e9cessaires<\/h2>\n\n\n\n<p>Pour confectionner les cupcakes, il vous faut :<\/p>\n\n\n\n<ul class=\"wp-block-list\">\n<li>un saladier pour faire le m\u00e9lange<\/li>\n\n\n\n<li>un fouet ou un batteur \u00e9lectrique<\/li>\n\n\n\n<li>une spatule en silicone, de type <em>Maryse<\/em><\/li>\n\n\n\n<li>une cuill\u00e8re \u00e0 glace ou une poche \u00e0 douille<\/li>\n\n\n\n<li>des caissettes en papier<\/li>\n\n\n\n<li>une plaque \u00e0 muffins, qui sert aussi pour les cupcakes<\/li>\n\n\n\n<li>un four<\/li>\n<\/ul>\n\n\n<div class=\"display-products-container\"><div class=\"product-card\"><img decoding=\"async\" src=\"https:\/\/m.media-amazon.com\/images\/I\/31MXyXvHLyL._SL500_.jpg\" class=\"product-image\" \/><div class=\"product-content\"><p class=\"product-price\">25.99 \u20ac<\/p><a href=\"https:\/\/www.amazon.fr\/dp\/B06XB9XS7T?tag=hashvoy1-21&#038;linkCode=ogi&#038;th=1&#038;psc=1\" class=\"buy-button\" target=\"_blank\" rel=\"noopener sponsored\">Voir<\/a><\/div><\/div><div class=\"product-card\"><img decoding=\"async\" src=\"https:\/\/m.media-amazon.com\/images\/I\/31u6pwMfdgL._SL500_.jpg\" class=\"product-image\" \/><div class=\"product-content\"><p class=\"product-price\">11.99 \u20ac<\/p><a href=\"https:\/\/www.amazon.fr\/dp\/B09GMJLXDF?tag=hashvoy1-21&#038;linkCode=ogi&#038;th=1&#038;psc=1\" class=\"buy-button\" target=\"_blank\" rel=\"noopener sponsored\">Voir<\/a><\/div><\/div><div class=\"product-card\"><img decoding=\"async\" src=\"https:\/\/m.media-amazon.com\/images\/I\/41Jo-MxF+uL._SL500_.jpg\" class=\"product-image\" \/><div class=\"product-content\"><p class=\"product-price\">10.99 \u20ac<\/p><a href=\"https:\/\/www.amazon.fr\/dp\/B0BX23Q73F?tag=hashvoy1-21&#038;linkCode=ogi&#038;th=1&#038;psc=1\" class=\"buy-button\" target=\"_blank\" rel=\"noopener sponsored\">Voir<\/a><\/div><\/div><div class=\"product-card\"><img decoding=\"async\" src=\"https:\/\/m.media-amazon.com\/images\/I\/41pgGc6oohL._SL500_.jpg\" class=\"product-image\" \/><div class=\"product-content\"><p class=\"product-price\">13.99 \u20ac<\/p><a href=\"https:\/\/www.amazon.fr\/dp\/B0875JB3VS?tag=hashvoy1-21&#038;linkCode=ogi&#038;th=1&#038;psc=1\" class=\"buy-button\" target=\"_blank\" rel=\"noopener sponsored\">Voir<\/a><\/div><\/div><\/div>\n\n\n\n<p>Voici les ingr\u00e9dients qu&rsquo;il vous faudra pour r\u00e9aliser <strong>une douzaine de cupcakes<\/strong>. C&rsquo;est \u00e0 adapter \u00e9videmment en fonction de la quantit\u00e9 qu&rsquo;il vous faut, mais en g\u00e9n\u00e9ral les enfants en mangent un ou deux, pas plus !<\/p>\n\n\n\n<figure class=\"wp-block-gallery has-nested-images columns-default is-cropped wp-block-gallery-1 is-layout-flex wp-block-gallery-is-layout-flex\">\n<figure class=\"wp-block-image size-full\"><img loading=\"lazy\" decoding=\"async\" width=\"1200\" height=\"800\" data-id=\"1005\" src=\"https:\/\/kids-birthday-party.net\/wp-content\/uploads\/2025\/01\/kitchen-equipment.jpg\" alt=\"Mat\u00e9riel de cuisine\" class=\"wp-image-1005\" srcset=\"https:\/\/kids-birthday-party.net\/wp-content\/uploads\/2025\/01\/kitchen-equipment.jpg 1200w, https:\/\/kids-birthday-party.net\/wp-content\/uploads\/2025\/01\/kitchen-equipment-300x200.jpg 300w, https:\/\/kids-birthday-party.net\/wp-content\/uploads\/2025\/01\/kitchen-equipment-1024x683.jpg 1024w, https:\/\/kids-birthday-party.net\/wp-content\/uploads\/2025\/01\/kitchen-equipment-768x512.jpg 768w\" sizes=\"auto, (max-width: 1200px) 100vw, 1200px\" \/><\/figure>\n<\/figure>\n\n\n\n<p>Pour <strong>la base<\/strong> :<\/p>\n\n\n\n<ul class=\"wp-block-list\">\n<li>120 g de farine tout usage<\/li>\n\n\n\n<li>120 g de sucre<\/li>\n\n\n\n<li>1 cuill\u00e8re \u00e0 caf\u00e9 de levure chimique<\/li>\n\n\n\n<li>une pinc\u00e9e de sel<\/li>\n\n\n\n<li>2 \u0153ufs<\/li>\n\n\n\n<li>120 g de beurre fondu<\/li>\n\n\n\n<li>2 cuill\u00e8res \u00e0 soupe de lait<\/li>\n\n\n\n<li>1 cuill\u00e8re \u00e0 caf\u00e9 d&rsquo;extrait de vanille<\/li>\n<\/ul>\n\n\n\n<p>Et pour <strong>le gla\u00e7age<\/strong> :<\/p>\n\n\n\n<ul class=\"wp-block-list\">\n<li>200 g de beurre ramolli<\/li>\n\n\n\n<li>300 g de sucre glace<\/li>\n\n\n\n<li>1 cuill\u00e8re \u00e0 soupe de lait<\/li>\n\n\n\n<li>quelques gouttes de colorant alimentaire si vous le souhaitez<\/li>\n<\/ul>\n\n\n\n<h2 class=\"wp-block-heading\">Recette des cupcakes<\/h2>\n\n\n\n<p>Voici maintenant, \u00e9tape par \u00e9tape, la recette pour confectionner vos cupcakes.<\/p>\n\n\n\n<h3 class=\"wp-block-heading\">Pr\u00e9paration des cupcakes<\/h3>\n\n\n\n<p>Tout d&rsquo;abord, placez les caissettes en papier dans les cavit\u00e9s de votre <strong>plaque \u00e0 muffins<\/strong>. Cela permettra un d\u00e9moulage facile et une jolie pr\u00e9sentation.<\/p>\n\n\n\n<p>Dans <strong>un saladier<\/strong> ou un grand bol, tamisez ensemble la farine, le sucre, la levure chimique et le sel. M\u00e9langez bien pour une r\u00e9partition homog\u00e8ne.<\/p>\n\n\n\n<p>Pour cette recette, ajoutez les \u0153ufs, le beurre fondu, le lait et l\u2019extrait de vanille. M\u00e9langez avec un fouet ou un batteur \u00e9lectrique jusqu\u2019\u00e0 obtenir une p\u00e2te lisse et homog\u00e8ne.<\/p>\n\n\n\n<figure class=\"wp-block-gallery has-nested-images columns-default is-cropped wp-block-gallery-2 is-layout-flex wp-block-gallery-is-layout-flex\">\n<figure class=\"wp-block-image size-full\"><img loading=\"lazy\" decoding=\"async\" width=\"1200\" height=\"800\" data-id=\"1002\" src=\"https:\/\/kids-birthday-party.net\/wp-content\/uploads\/2025\/01\/in-the-kitchen.jpg\" alt=\"Dans la cuisine\" class=\"wp-image-1002\" srcset=\"https:\/\/kids-birthday-party.net\/wp-content\/uploads\/2025\/01\/in-the-kitchen.jpg 1200w, https:\/\/kids-birthday-party.net\/wp-content\/uploads\/2025\/01\/in-the-kitchen-300x200.jpg 300w, https:\/\/kids-birthday-party.net\/wp-content\/uploads\/2025\/01\/in-the-kitchen-1024x683.jpg 1024w, https:\/\/kids-birthday-party.net\/wp-content\/uploads\/2025\/01\/in-the-kitchen-768x512.jpg 768w\" sizes=\"auto, (max-width: 1200px) 100vw, 1200px\" \/><\/figure>\n<\/figure>\n\n\n\n<p>Utilisez une cuill\u00e8re \u00e0 glace ou une poche \u00e0 douille pour remplir les caissettes aux trois quarts. Cela laissera de la place pour que les cupcakes gonflent sans d\u00e9border.<\/p>\n\n\n\n<p>Enfournez dans le four pr\u00e9chauff\u00e9 \u00e0 <strong>180\u00b0C<\/strong> pendant <strong>15 \u00e0 20 minutes<\/strong>. Ils sont pr\u00eats lorsqu\u2019un cure-dent ins\u00e9r\u00e9 au centre en ressort propre.<\/p>\n\n\n\n<p>Laissez-les refroidir compl\u00e8tement avant d\u2019ajouter le gla\u00e7age.<\/p>\n\n\n\n<p>Cette <strong>vid\u00e9o explicative<\/strong> vous montrera concr\u00e8tement comment r\u00e9aliser ces diff\u00e9rentes \u00e9tapes :<\/p>\n\n\n\n<center><iframe loading=\"lazy\" style=\"border: 5px solid #41AAD3; box-sizing: border-box;\" width=\"560\" height=\"315\" src=\"https:\/\/www.youtube.com\/embed\/K4jPqm1oclw?si=Y3fPHz1zDq1wyxY5\" title=\"YouTube video player\" frameborder=\"0\" allow=\"accelerometer; autoplay; clipboard-write; encrypted-media; gyroscope; picture-in-picture; web-share\" referrerpolicy=\"strict-origin-when-cross-origin\" allowfullscreen><\/iframe><\/center>\n\n\n\n<h3 class=\"wp-block-heading\">Le gla\u00e7age<\/h3>\n\n\n\n<p>Dans un bol, fouettez le beurre ramolli jusqu\u2019\u00e0 ce qu\u2019il devienne cr\u00e9meux et l\u00e9ger.<\/p>\n\n\n\n<p>Incorporez progressivement le sucre glace <strong>en fouettant \u00e0 basse vitesse<\/strong> pour \u00e9viter les \u00e9claboussures. Une fois tout le sucre int\u00e9gr\u00e9, augmentez la vitesse pour obtenir une texture a\u00e9r\u00e9e.<\/p>\n\n\n\n<p>Ajoutez <strong>une cuill\u00e8re \u00e0 soupe de lait<\/strong> pour rendre le gla\u00e7age de cette recette plus souple. Vous pouvez \u00e9galement ajouter quelques gouttes de colorant alimentaire pour une touche personnalis\u00e9e.<\/p>\n\n\n\n<h3 class=\"wp-block-heading\">L&rsquo;assemblage<\/h3>\n\n\n\n<p>Pour finaliser la recette, appliquez le gla\u00e7age sur les cupcakes refroidis \u00e0 l\u2019aide d\u2019une <strong>poche \u00e0 douille<\/strong> ou d\u2019une spatule.<\/p>\n\n\n\n<p>Laissez libre cours \u00e0 votre cr\u00e9ativit\u00e9 en utilisant diff\u00e9rentes douilles pour varier les formes. Il en existe \u00e0 usage unique vendues par lot, ou des r\u00e9utilisables.<\/p>\n\n\n<div class=\"display-products-container\"><div class=\"product-card\"><img decoding=\"async\" src=\"https:\/\/m.media-amazon.com\/images\/I\/41xe9vTgvrL._SL500_.jpg\" class=\"product-image\" \/><div class=\"product-content\"><p class=\"product-price\">26.99 \u20ac<\/p><a href=\"https:\/\/www.amazon.fr\/dp\/B099KQP7KF?tag=hashvoy1-21&#038;linkCode=ogi&#038;th=1&#038;psc=1\" class=\"buy-button\" target=\"_blank\" rel=\"noopener sponsored\">Voir<\/a><\/div><\/div><div class=\"product-card\"><img decoding=\"async\" src=\"https:\/\/m.media-amazon.com\/images\/I\/41XOjvZXk1L._SL500_.jpg\" class=\"product-image\" \/><div class=\"product-content\"><p class=\"product-price\">9.99 \u20ac<\/p><a href=\"https:\/\/www.amazon.fr\/dp\/B085N925JR?tag=hashvoy1-21&#038;linkCode=ogi&#038;th=1&#038;psc=1\" class=\"buy-button\" target=\"_blank\" rel=\"noopener sponsored\">Voir<\/a><\/div><\/div><div class=\"product-card\"><img decoding=\"async\" src=\"https:\/\/m.media-amazon.com\/images\/I\/51TGP1MQLeL._SL500_.jpg\" class=\"product-image\" \/><div class=\"product-content\"><p class=\"product-price\">95.28 \u20ac<\/p><a href=\"https:\/\/www.amazon.fr\/dp\/B07TVGNZ2L?tag=hashvoy1-21&#038;linkCode=ogi&#038;th=1&#038;psc=1\" class=\"buy-button\" target=\"_blank\" rel=\"noopener sponsored\">Voir<\/a><\/div><\/div><div class=\"product-card\"><img decoding=\"async\" src=\"https:\/\/m.media-amazon.com\/images\/I\/51xHRDdd6BL._SL500_.jpg\" class=\"product-image\" \/><div class=\"product-content\"><p class=\"product-price\">12.99 \u20ac<\/p><a href=\"https:\/\/www.amazon.fr\/dp\/B0BPGTYLXD?tag=hashvoy1-21&#038;linkCode=ogi&#038;th=1&#038;psc=1\" class=\"buy-button\" target=\"_blank\" rel=\"noopener sponsored\">Voir<\/a><\/div><\/div><\/div>\n\n\n\n<p>Ajoutez des perles, vermicelles ou autres d\u00e9corations de votre choix pour le visuel.<\/p>\n\n\n\n<figure class=\"wp-block-gallery has-nested-images columns-default is-cropped wp-block-gallery-3 is-layout-flex wp-block-gallery-is-layout-flex\">\n<figure class=\"wp-block-image size-full\"><img loading=\"lazy\" decoding=\"async\" width=\"1200\" height=\"800\" data-id=\"1252\" src=\"https:\/\/kids-birthday-party.net\/wp-content\/uploads\/2025\/01\/cupcakes-pennant.jpg\" alt=\"Cupcakes avec des fanions\" class=\"wp-image-1252\" srcset=\"https:\/\/kids-birthday-party.net\/wp-content\/uploads\/2025\/01\/cupcakes-pennant.jpg 1200w, https:\/\/kids-birthday-party.net\/wp-content\/uploads\/2025\/01\/cupcakes-pennant-300x200.jpg 300w, https:\/\/kids-birthday-party.net\/wp-content\/uploads\/2025\/01\/cupcakes-pennant-1024x683.jpg 1024w, https:\/\/kids-birthday-party.net\/wp-content\/uploads\/2025\/01\/cupcakes-pennant-768x512.jpg 768w\" sizes=\"auto, (max-width: 1200px) 100vw, 1200px\" \/><\/figure>\n<\/figure>\n\n\n\n<p>Avec cette recette de cupcakes facile \u00e0 faire, vous pouvez d\u00e9sormais r\u00e9aliser toutes sortes de p\u00e2tisseries. Un topping adapt\u00e9 \u00e0 votre th\u00e8me vous permettra d&rsquo;impressionner vos invit\u00e9s !<\/p>\n","protected":false},"excerpt":{"rendered":"<p>Recette de cupcakes Les cupcakes conviennent parfaitement \u00e0 toutes les occasions. Et c&rsquo;est d&rsquo;autant plus le cas pour l&rsquo;organisation d&rsquo;un anniversaire d&rsquo;enfants o\u00f9 l&rsquo;on recherche l&rsquo;efficacit\u00e9 dans les pr\u00e9paratifs ! Voici une recette de cupcakes facile pour vous accompagner dans cette \u00e9tape. Le mat\u00e9riel et les ingr\u00e9dients n\u00e9cessaires Pour confectionner les cupcakes, il vous faut &#8230; <a title=\"Recette de cupcakes\" class=\"read-more\" href=\"https:\/\/kids-birthday-party.net\/fr\/recette-cupcakes\/\" aria-label=\"En savoir plus sur Recette de cupcakes\">Lire la suite<\/a><\/p>\n","protected":false},"author":1,"featured_media":0,"parent":0,"menu_order":0,"comment_status":"closed","ping_status":"closed","template":"","meta":{"footnotes":""},"class_list":["post-579","page","type-page","status-publish"],"yoast_head":"<!-- This site is optimized with the Yoast SEO plugin v27.2 - https:\/\/yoast.com\/product\/yoast-seo-wordpress\/ -->\n<title>Recette de cupcakes pour un anniversaire r\u00e9ussi !<\/title>\n<meta name=\"description\" content=\"Apprenez \u00e0 r\u00e9aliser de d\u00e9licieux cupcakes maison avec notre guide \u00e9tape par \u00e9tape : ingr\u00e9dients, recette et astuces pour les r\u00e9ussir !\" \/>\n<meta name=\"robots\" content=\"index, follow, max-snippet:-1, max-image-preview:large, max-video-preview:-1\" \/>\n<link rel=\"canonical\" href=\"https:\/\/kids-birthday-party.net\/fr\/recette-cupcakes\/\" \/>\n<meta property=\"og:locale\" content=\"fr_FR\" \/>\n<meta property=\"og:type\" content=\"article\" \/>\n<meta property=\"og:title\" content=\"Recette de cupcakes pour un anniversaire r\u00e9ussi !\" \/>\n<meta property=\"og:description\" content=\"Apprenez \u00e0 r\u00e9aliser de d\u00e9licieux cupcakes maison avec notre guide \u00e9tape par \u00e9tape : ingr\u00e9dients, recette et astuces pour les r\u00e9ussir !\" \/>\n<meta property=\"og:url\" content=\"https:\/\/kids-birthday-party.net\/fr\/recette-cupcakes\/\" \/>\n<meta property=\"og:site_name\" content=\"Kids Birthday Party\" \/>\n<meta property=\"article:modified_time\" content=\"2026-03-25T15:55:43+00:00\" \/>\n<meta property=\"og:image\" content=\"https:\/\/kids-birthday-party.net\/wp-content\/uploads\/2025\/01\/kitchen-equipment.jpg\" \/>\n<meta name=\"twitter:card\" content=\"summary_large_image\" \/>\n<meta name=\"twitter:label1\" content=\"Dur\u00e9e de lecture estim\u00e9e\" \/>\n\t<meta name=\"twitter:data1\" content=\"3 minutes\" \/>\n<script type=\"application\/ld+json\" class=\"yoast-schema-graph\">{\"@context\":\"https:\/\/schema.org\",\"@graph\":[{\"@type\":\"WebPage\",\"@id\":\"https:\/\/kids-birthday-party.net\/fr\/recette-cupcakes\/\",\"url\":\"https:\/\/kids-birthday-party.net\/fr\/recette-cupcakes\/\",\"name\":\"Recette de cupcakes pour un anniversaire r\u00e9ussi !\",\"isPartOf\":{\"@id\":\"https:\/\/kids-birthday-party.net\/fr\/#website\"},\"primaryImageOfPage\":{\"@id\":\"https:\/\/kids-birthday-party.net\/fr\/recette-cupcakes\/#primaryimage\"},\"image\":{\"@id\":\"https:\/\/kids-birthday-party.net\/fr\/recette-cupcakes\/#primaryimage\"},\"thumbnailUrl\":\"https:\/\/kids-birthday-party.net\/wp-content\/uploads\/2025\/01\/kitchen-equipment.jpg\",\"datePublished\":\"2025-01-05T18:34:36+00:00\",\"dateModified\":\"2026-03-25T15:55:43+00:00\",\"description\":\"Apprenez \u00e0 r\u00e9aliser de d\u00e9licieux cupcakes maison avec notre guide \u00e9tape par \u00e9tape : ingr\u00e9dients, recette et astuces pour les r\u00e9ussir !\",\"breadcrumb\":{\"@id\":\"https:\/\/kids-birthday-party.net\/fr\/recette-cupcakes\/#breadcrumb\"},\"inLanguage\":\"fr-FR\",\"potentialAction\":[{\"@type\":\"ReadAction\",\"target\":[\"https:\/\/kids-birthday-party.net\/fr\/recette-cupcakes\/\"]}]},{\"@type\":\"ImageObject\",\"inLanguage\":\"fr-FR\",\"@id\":\"https:\/\/kids-birthday-party.net\/fr\/recette-cupcakes\/#primaryimage\",\"url\":\"https:\/\/kids-birthday-party.net\/wp-content\/uploads\/2025\/01\/kitchen-equipment.jpg\",\"contentUrl\":\"https:\/\/kids-birthday-party.net\/wp-content\/uploads\/2025\/01\/kitchen-equipment.jpg\"},{\"@type\":\"BreadcrumbList\",\"@id\":\"https:\/\/kids-birthday-party.net\/fr\/recette-cupcakes\/#breadcrumb\",\"itemListElement\":[{\"@type\":\"ListItem\",\"position\":1,\"name\":\"Accueil\",\"item\":\"https:\/\/kids-birthday-party.net\/fr\/\"},{\"@type\":\"ListItem\",\"position\":2,\"name\":\"Recette de cupcakes\"}]},{\"@type\":\"WebSite\",\"@id\":\"https:\/\/kids-birthday-party.net\/fr\/#website\",\"url\":\"https:\/\/kids-birthday-party.net\/fr\/\",\"name\":\"Kids Birthday Party\",\"description\":\"Organisez au mieux la f\u00eate d&#039;anniversaire de votre enfant !\",\"publisher\":{\"@id\":\"https:\/\/kids-birthday-party.net\/fr\/#organization\"},\"potentialAction\":[{\"@type\":\"SearchAction\",\"target\":{\"@type\":\"EntryPoint\",\"urlTemplate\":\"https:\/\/kids-birthday-party.net\/fr\/?s={search_term_string}\"},\"query-input\":{\"@type\":\"PropertyValueSpecification\",\"valueRequired\":true,\"valueName\":\"search_term_string\"}}],\"inLanguage\":\"fr-FR\"},{\"@type\":\"Organization\",\"@id\":\"https:\/\/kids-birthday-party.net\/fr\/#organization\",\"name\":\"Kids Birthday Party\",\"url\":\"https:\/\/kids-birthday-party.net\/fr\/\",\"logo\":{\"@type\":\"ImageObject\",\"inLanguage\":\"fr-FR\",\"@id\":\"https:\/\/kids-birthday-party.net\/fr\/#\/schema\/logo\/image\/\",\"url\":\"https:\/\/kids-birthday-party.net\/wp-content\/uploads\/2025\/01\/kids-birthday-party-logo.png\",\"contentUrl\":\"https:\/\/kids-birthday-party.net\/wp-content\/uploads\/2025\/01\/kids-birthday-party-logo.png\",\"width\":950,\"height\":273,\"caption\":\"Kids Birthday Party\"},\"image\":{\"@id\":\"https:\/\/kids-birthday-party.net\/fr\/#\/schema\/logo\/image\/\"}}]}<\/script>\n<!-- \/ Yoast SEO plugin. -->","yoast_head_json":{"title":"Recette de cupcakes pour un anniversaire r\u00e9ussi !","description":"Apprenez \u00e0 r\u00e9aliser de d\u00e9licieux cupcakes maison avec notre guide \u00e9tape par \u00e9tape : ingr\u00e9dients, recette et astuces pour les r\u00e9ussir !","robots":{"index":"index","follow":"follow","max-snippet":"max-snippet:-1","max-image-preview":"max-image-preview:large","max-video-preview":"max-video-preview:-1"},"canonical":"https:\/\/kids-birthday-party.net\/fr\/recette-cupcakes\/","og_locale":"fr_FR","og_type":"article","og_title":"Recette de cupcakes pour un anniversaire r\u00e9ussi !","og_description":"Apprenez \u00e0 r\u00e9aliser de d\u00e9licieux cupcakes maison avec notre guide \u00e9tape par \u00e9tape : ingr\u00e9dients, recette et astuces pour les r\u00e9ussir !","og_url":"https:\/\/kids-birthday-party.net\/fr\/recette-cupcakes\/","og_site_name":"Kids Birthday Party","article_modified_time":"2026-03-25T15:55:43+00:00","og_image":[{"url":"https:\/\/kids-birthday-party.net\/wp-content\/uploads\/2025\/01\/kitchen-equipment.jpg","type":"","width":"","height":""}],"twitter_card":"summary_large_image","twitter_misc":{"Dur\u00e9e de lecture estim\u00e9e":"3 minutes"},"schema":{"@context":"https:\/\/schema.org","@graph":[{"@type":"WebPage","@id":"https:\/\/kids-birthday-party.net\/fr\/recette-cupcakes\/","url":"https:\/\/kids-birthday-party.net\/fr\/recette-cupcakes\/","name":"Recette de cupcakes pour un anniversaire r\u00e9ussi !","isPartOf":{"@id":"https:\/\/kids-birthday-party.net\/fr\/#website"},"primaryImageOfPage":{"@id":"https:\/\/kids-birthday-party.net\/fr\/recette-cupcakes\/#primaryimage"},"image":{"@id":"https:\/\/kids-birthday-party.net\/fr\/recette-cupcakes\/#primaryimage"},"thumbnailUrl":"https:\/\/kids-birthday-party.net\/wp-content\/uploads\/2025\/01\/kitchen-equipment.jpg","datePublished":"2025-01-05T18:34:36+00:00","dateModified":"2026-03-25T15:55:43+00:00","description":"Apprenez \u00e0 r\u00e9aliser de d\u00e9licieux cupcakes maison avec notre guide \u00e9tape par \u00e9tape : ingr\u00e9dients, recette et astuces pour les r\u00e9ussir !","breadcrumb":{"@id":"https:\/\/kids-birthday-party.net\/fr\/recette-cupcakes\/#breadcrumb"},"inLanguage":"fr-FR","potentialAction":[{"@type":"ReadAction","target":["https:\/\/kids-birthday-party.net\/fr\/recette-cupcakes\/"]}]},{"@type":"ImageObject","inLanguage":"fr-FR","@id":"https:\/\/kids-birthday-party.net\/fr\/recette-cupcakes\/#primaryimage","url":"https:\/\/kids-birthday-party.net\/wp-content\/uploads\/2025\/01\/kitchen-equipment.jpg","contentUrl":"https:\/\/kids-birthday-party.net\/wp-content\/uploads\/2025\/01\/kitchen-equipment.jpg"},{"@type":"BreadcrumbList","@id":"https:\/\/kids-birthday-party.net\/fr\/recette-cupcakes\/#breadcrumb","itemListElement":[{"@type":"ListItem","position":1,"name":"Accueil","item":"https:\/\/kids-birthday-party.net\/fr\/"},{"@type":"ListItem","position":2,"name":"Recette de cupcakes"}]},{"@type":"WebSite","@id":"https:\/\/kids-birthday-party.net\/fr\/#website","url":"https:\/\/kids-birthday-party.net\/fr\/","name":"Kids Birthday Party","description":"Organisez au mieux la f\u00eate d&#039;anniversaire de votre enfant !","publisher":{"@id":"https:\/\/kids-birthday-party.net\/fr\/#organization"},"potentialAction":[{"@type":"SearchAction","target":{"@type":"EntryPoint","urlTemplate":"https:\/\/kids-birthday-party.net\/fr\/?s={search_term_string}"},"query-input":{"@type":"PropertyValueSpecification","valueRequired":true,"valueName":"search_term_string"}}],"inLanguage":"fr-FR"},{"@type":"Organization","@id":"https:\/\/kids-birthday-party.net\/fr\/#organization","name":"Kids Birthday Party","url":"https:\/\/kids-birthday-party.net\/fr\/","logo":{"@type":"ImageObject","inLanguage":"fr-FR","@id":"https:\/\/kids-birthday-party.net\/fr\/#\/schema\/logo\/image\/","url":"https:\/\/kids-birthday-party.net\/wp-content\/uploads\/2025\/01\/kids-birthday-party-logo.png","contentUrl":"https:\/\/kids-birthday-party.net\/wp-content\/uploads\/2025\/01\/kids-birthday-party-logo.png","width":950,"height":273,"caption":"Kids Birthday Party"},"image":{"@id":"https:\/\/kids-birthday-party.net\/fr\/#\/schema\/logo\/image\/"}}]}},"_links":{"self":[{"href":"https:\/\/kids-birthday-party.net\/fr\/wp-json\/wp\/v2\/pages\/579","targetHints":{"allow":["GET"]}}],"collection":[{"href":"https:\/\/kids-birthday-party.net\/fr\/wp-json\/wp\/v2\/pages"}],"about":[{"href":"https:\/\/kids-birthday-party.net\/fr\/wp-json\/wp\/v2\/types\/page"}],"author":[{"embeddable":true,"href":"https:\/\/kids-birthday-party.net\/fr\/wp-json\/wp\/v2\/users\/1"}],"replies":[{"embeddable":true,"href":"https:\/\/kids-birthday-party.net\/fr\/wp-json\/wp\/v2\/comments?post=579"}],"version-history":[{"count":19,"href":"https:\/\/kids-birthday-party.net\/fr\/wp-json\/wp\/v2\/pages\/579\/revisions"}],"predecessor-version":[{"id":1748,"href":"https:\/\/kids-birthday-party.net\/fr\/wp-json\/wp\/v2\/pages\/579\/revisions\/1748"}],"wp:attachment":[{"href":"https:\/\/kids-birthday-party.net\/fr\/wp-json\/wp\/v2\/media?parent=579"}],"curies":[{"name":"wp","href":"https:\/\/api.w.org\/{rel}","templated":true}]}}