{"id":1353,"date":"2025-01-26T15:24:26","date_gmt":"2025-01-26T15:24:26","guid":{"rendered":"https:\/\/kids-birthday-party.net\/?page_id=1353"},"modified":"2025-01-26T15:24:26","modified_gmt":"2025-01-26T15:24:26","slug":"mentions-legales","status":"publish","type":"page","link":"https:\/\/kids-birthday-party.net\/fr\/mentions-legales\/","title":{"rendered":"Mentions l\u00e9gales"},"content":{"rendered":"\n<h2 class=\"wp-block-heading\">Informations<\/h2>\n\n\n\n<p>Le site est h\u00e9berg\u00e9 par OVH, 2 rue Kellermann BP 80157 59053 ROUBAIX Cedex 1. Les informations concernant la collecte et le traitement des donn\u00e9es personnelles (politique et d\u00e9claration) sont fournies dans la charte de donn\u00e9es personnelles du site.<\/p>\n\n\n\n<h2 class=\"wp-block-heading\">Propri\u00e9t\u00e9 et responsabilit\u00e9<\/h2>\n\n\n\n<p>Le site https:\/\/kids-birthday-party.net est \u00e9dit\u00e9 par C\u00e9dric Masset, au statut d&rsquo;auto-entrepreneur (identifiant SIRET : 83146980400015), dont l&rsquo;\u00e9tablissement est situ\u00e9 au 13 All\u00e9e Edouard Branly, Lambersart, FRANCE.<\/p>\n\n\n\n<p>Le webmaster peut \u00eatre contact\u00e9 \u00e0 l&rsquo;adresse suivante : contact@hashtagvoyage.fr<\/p>\n\n\n\n<h2 class=\"wp-block-heading\">Activit\u00e9<\/h2>\n\n\n\n<p>Le site internet kids-birthday-party.net partage et fournit des articles la th\u00e9matique des pr\u00e9paratifs d&rsquo;anniversaires pour enfants.<\/p>\n\n\n\n<p>Il partage des retours d&rsquo;exp\u00e9rience et des conseils sur ce th\u00e8me, et s\u2019efforce de partager des informations aussi pr\u00e9cises que possible. Toutefois, il ne pourra \u00eatre tenu responsable des omissions, des inexactitudes et des carences dans la mise \u00e0 jour, qu\u2019elles soient de son fait ou du fait des tiers partenaires qui lui fournissent ces informations.<\/p>\n\n\n\n<p>Tous les informations indiqu\u00e9es sur le site sont donn\u00e9es \u00e0 titre indicatif, et sont susceptibles d\u2019\u00e9voluer. Par ailleurs, les renseignements figurant sur le site ne sont pas exhaustifs. Ils sont donn\u00e9s sous r\u00e9serve de modifications ayant \u00e9t\u00e9 apport\u00e9es depuis leur mise en ligne.<\/p>\n\n\n\n<p>Il existe une relation d\u2019affili\u00e9 avec certains fournisseurs de biens et de services dont parle kids-birthday-party.net, comme Amazon. Ce lien d&rsquo;affiliation permet de recevoir une commission pour tout achat ou inscription effectu\u00e9s \u00e0 partir de ce site, sans augmentation du prix public des produits concern\u00e9s.<\/p>\n\n\n\n<h2 class=\"wp-block-heading\">Propri\u00e9t\u00e9 intellectuelle<\/h2>\n\n\n\n<p>Le pr\u00e9sent site, ainsi que tous les textes, les images, les marques, les logos et autres contenus sont prot\u00e9g\u00e9s par des droits d\u2019auteur de kids-birthday-party.net.<\/p>\n\n\n\n<p>Toute reproduction, repr\u00e9sentation, modification, publication, adaptation de tout ou partie des \u00e9l\u00e9ments du site kids-birthday-party.net, est interdite.<\/p>\n\n\n\n<p>Toute exploitation non autoris\u00e9e du site kids-birthday-party.net ou de l\u2019un quelconque des \u00e9l\u00e9ments qu\u2019il contient sera consid\u00e9r\u00e9e comme constitutive d\u2019une contrefa\u00e7on et poursuivie conform\u00e9ment aux dispositions des articles L.335-2 et suivants du Code de Propri\u00e9t\u00e9 Intellectuelle.<\/p>\n\n\n\n<p>Les photos ou logos utilis\u00e9s sur le site kids-birthday-party.net sont des photos libres de droit, sauf mention contraire. Certaines ont \u00e9t\u00e9 g\u00e9n\u00e9r\u00e9es \u00e0 l&rsquo;aide de l&rsquo;outil d&rsquo;OpenAI. Elles appartiennent au webmaster du site.<\/p>\n\n\n\n<h2 class=\"wp-block-heading\">Gestion des donn\u00e9es personnelles<\/h2>\n\n\n\n<p>Le site kids-birthday-party.net utilise le service d\u2019analyse de trafic Google Analytics, fourni par <a href=\"https:\/\/google.fr\">Google<\/a>. Ce service utilise des cookies afin d\u2019aider \u00e0 analyser le parcours et l\u2019utilisation du site par ses utilisateurs.<\/p>\n\n\n\n<p>Ces cookies ne contiennent pas d\u2019informations \u00e0 caract\u00e8re personnel qui permettraient d&rsquo;identifier le lecteur.<\/p>\n\n\n\n<p>Vous pouvez refuser l\u2019installation d\u2019un cookie en bloquant les cookies depuis votre navigateur internet.<\/p>\n","protected":false},"excerpt":{"rendered":"<p>Informations Le site est h\u00e9berg\u00e9 par OVH, 2 rue Kellermann BP 80157 59053 ROUBAIX Cedex 1. Les informations concernant la collecte et le traitement des donn\u00e9es personnelles (politique et d\u00e9claration) sont fournies dans la charte de donn\u00e9es personnelles du site. Propri\u00e9t\u00e9 et responsabilit\u00e9 Le site https:\/\/kids-birthday-party.net est \u00e9dit\u00e9 par C\u00e9dric Masset, au statut d&rsquo;auto-entrepreneur (identifiant &#8230; <a title=\"Mentions l\u00e9gales\" class=\"read-more\" href=\"https:\/\/kids-birthday-party.net\/fr\/mentions-legales\/\" aria-label=\"En savoir plus sur Mentions l\u00e9gales\">Lire la suite<\/a><\/p>\n","protected":false},"author":1,"featured_media":0,"parent":0,"menu_order":0,"comment_status":"closed","ping_status":"closed","template":"","meta":{"footnotes":""},"class_list":["post-1353","page","type-page","status-publish"],"yoast_head":"<!-- This site is optimized with the Yoast SEO plugin v27.2 - https:\/\/yoast.com\/product\/yoast-seo-wordpress\/ -->\n<title>Mentions l\u00e9gales - Kids Birthday Party<\/title>\n<meta name=\"description\" content=\"Mentions l\u00e9gales du site kids-birthday-party.net\" \/>\n<meta name=\"robots\" content=\"index, follow, max-snippet:-1, max-image-preview:large, max-video-preview:-1\" \/>\n<link rel=\"canonical\" href=\"https:\/\/kids-birthday-party.net\/fr\/mentions-legales\/\" \/>\n<meta property=\"og:locale\" content=\"fr_FR\" \/>\n<meta property=\"og:type\" content=\"article\" \/>\n<meta property=\"og:title\" content=\"Mentions l\u00e9gales - Kids Birthday Party\" \/>\n<meta property=\"og:description\" content=\"Mentions l\u00e9gales du site kids-birthday-party.net\" \/>\n<meta property=\"og:url\" content=\"https:\/\/kids-birthday-party.net\/fr\/mentions-legales\/\" \/>\n<meta property=\"og:site_name\" content=\"Kids Birthday Party\" \/>\n<meta name=\"twitter:card\" content=\"summary_large_image\" \/>\n<meta name=\"twitter:label1\" content=\"Dur\u00e9e de lecture estim\u00e9e\" \/>\n\t<meta name=\"twitter:data1\" content=\"3 minutes\" \/>\n<script type=\"application\/ld+json\" class=\"yoast-schema-graph\">{\"@context\":\"https:\/\/schema.org\",\"@graph\":[{\"@type\":\"WebPage\",\"@id\":\"https:\/\/kids-birthday-party.net\/fr\/mentions-legales\/\",\"url\":\"https:\/\/kids-birthday-party.net\/fr\/mentions-legales\/\",\"name\":\"Mentions l\u00e9gales - Kids Birthday Party\",\"isPartOf\":{\"@id\":\"https:\/\/kids-birthday-party.net\/fr\/#website\"},\"datePublished\":\"2025-01-26T15:24:26+00:00\",\"description\":\"Mentions l\u00e9gales du site kids-birthday-party.net\",\"breadcrumb\":{\"@id\":\"https:\/\/kids-birthday-party.net\/fr\/mentions-legales\/#breadcrumb\"},\"inLanguage\":\"fr-FR\",\"potentialAction\":[{\"@type\":\"ReadAction\",\"target\":[\"https:\/\/kids-birthday-party.net\/fr\/mentions-legales\/\"]}]},{\"@type\":\"BreadcrumbList\",\"@id\":\"https:\/\/kids-birthday-party.net\/fr\/mentions-legales\/#breadcrumb\",\"itemListElement\":[{\"@type\":\"ListItem\",\"position\":1,\"name\":\"Accueil\",\"item\":\"https:\/\/kids-birthday-party.net\/fr\/\"},{\"@type\":\"ListItem\",\"position\":2,\"name\":\"Mentions l\u00e9gales\"}]},{\"@type\":\"WebSite\",\"@id\":\"https:\/\/kids-birthday-party.net\/fr\/#website\",\"url\":\"https:\/\/kids-birthday-party.net\/fr\/\",\"name\":\"Kids Birthday Party\",\"description\":\"Organisez au mieux la f\u00eate d&#039;anniversaire de votre enfant !\",\"publisher\":{\"@id\":\"https:\/\/kids-birthday-party.net\/fr\/#organization\"},\"potentialAction\":[{\"@type\":\"SearchAction\",\"target\":{\"@type\":\"EntryPoint\",\"urlTemplate\":\"https:\/\/kids-birthday-party.net\/fr\/?s={search_term_string}\"},\"query-input\":{\"@type\":\"PropertyValueSpecification\",\"valueRequired\":true,\"valueName\":\"search_term_string\"}}],\"inLanguage\":\"fr-FR\"},{\"@type\":\"Organization\",\"@id\":\"https:\/\/kids-birthday-party.net\/fr\/#organization\",\"name\":\"Kids Birthday Party\",\"url\":\"https:\/\/kids-birthday-party.net\/fr\/\",\"logo\":{\"@type\":\"ImageObject\",\"inLanguage\":\"fr-FR\",\"@id\":\"https:\/\/kids-birthday-party.net\/fr\/#\/schema\/logo\/image\/\",\"url\":\"https:\/\/kids-birthday-party.net\/wp-content\/uploads\/2025\/01\/kids-birthday-party-logo.png\",\"contentUrl\":\"https:\/\/kids-birthday-party.net\/wp-content\/uploads\/2025\/01\/kids-birthday-party-logo.png\",\"width\":950,\"height\":273,\"caption\":\"Kids Birthday Party\"},\"image\":{\"@id\":\"https:\/\/kids-birthday-party.net\/fr\/#\/schema\/logo\/image\/\"}}]}<\/script>\n<!-- \/ Yoast SEO plugin. -->","yoast_head_json":{"title":"Mentions l\u00e9gales - Kids Birthday Party","description":"Mentions l\u00e9gales du site kids-birthday-party.net","robots":{"index":"index","follow":"follow","max-snippet":"max-snippet:-1","max-image-preview":"max-image-preview:large","max-video-preview":"max-video-preview:-1"},"canonical":"https:\/\/kids-birthday-party.net\/fr\/mentions-legales\/","og_locale":"fr_FR","og_type":"article","og_title":"Mentions l\u00e9gales - Kids Birthday Party","og_description":"Mentions l\u00e9gales du site kids-birthday-party.net","og_url":"https:\/\/kids-birthday-party.net\/fr\/mentions-legales\/","og_site_name":"Kids Birthday Party","twitter_card":"summary_large_image","twitter_misc":{"Dur\u00e9e de lecture estim\u00e9e":"3 minutes"},"schema":{"@context":"https:\/\/schema.org","@graph":[{"@type":"WebPage","@id":"https:\/\/kids-birthday-party.net\/fr\/mentions-legales\/","url":"https:\/\/kids-birthday-party.net\/fr\/mentions-legales\/","name":"Mentions l\u00e9gales - Kids Birthday Party","isPartOf":{"@id":"https:\/\/kids-birthday-party.net\/fr\/#website"},"datePublished":"2025-01-26T15:24:26+00:00","description":"Mentions l\u00e9gales du site kids-birthday-party.net","breadcrumb":{"@id":"https:\/\/kids-birthday-party.net\/fr\/mentions-legales\/#breadcrumb"},"inLanguage":"fr-FR","potentialAction":[{"@type":"ReadAction","target":["https:\/\/kids-birthday-party.net\/fr\/mentions-legales\/"]}]},{"@type":"BreadcrumbList","@id":"https:\/\/kids-birthday-party.net\/fr\/mentions-legales\/#breadcrumb","itemListElement":[{"@type":"ListItem","position":1,"name":"Accueil","item":"https:\/\/kids-birthday-party.net\/fr\/"},{"@type":"ListItem","position":2,"name":"Mentions l\u00e9gales"}]},{"@type":"WebSite","@id":"https:\/\/kids-birthday-party.net\/fr\/#website","url":"https:\/\/kids-birthday-party.net\/fr\/","name":"Kids Birthday Party","description":"Organisez au mieux la f\u00eate d&#039;anniversaire de votre enfant !","publisher":{"@id":"https:\/\/kids-birthday-party.net\/fr\/#organization"},"potentialAction":[{"@type":"SearchAction","target":{"@type":"EntryPoint","urlTemplate":"https:\/\/kids-birthday-party.net\/fr\/?s={search_term_string}"},"query-input":{"@type":"PropertyValueSpecification","valueRequired":true,"valueName":"search_term_string"}}],"inLanguage":"fr-FR"},{"@type":"Organization","@id":"https:\/\/kids-birthday-party.net\/fr\/#organization","name":"Kids Birthday Party","url":"https:\/\/kids-birthday-party.net\/fr\/","logo":{"@type":"ImageObject","inLanguage":"fr-FR","@id":"https:\/\/kids-birthday-party.net\/fr\/#\/schema\/logo\/image\/","url":"https:\/\/kids-birthday-party.net\/wp-content\/uploads\/2025\/01\/kids-birthday-party-logo.png","contentUrl":"https:\/\/kids-birthday-party.net\/wp-content\/uploads\/2025\/01\/kids-birthday-party-logo.png","width":950,"height":273,"caption":"Kids Birthday Party"},"image":{"@id":"https:\/\/kids-birthday-party.net\/fr\/#\/schema\/logo\/image\/"}}]}},"_links":{"self":[{"href":"https:\/\/kids-birthday-party.net\/fr\/wp-json\/wp\/v2\/pages\/1353","targetHints":{"allow":["GET"]}}],"collection":[{"href":"https:\/\/kids-birthday-party.net\/fr\/wp-json\/wp\/v2\/pages"}],"about":[{"href":"https:\/\/kids-birthday-party.net\/fr\/wp-json\/wp\/v2\/types\/page"}],"author":[{"embeddable":true,"href":"https:\/\/kids-birthday-party.net\/fr\/wp-json\/wp\/v2\/users\/1"}],"replies":[{"embeddable":true,"href":"https:\/\/kids-birthday-party.net\/fr\/wp-json\/wp\/v2\/comments?post=1353"}],"version-history":[{"count":1,"href":"https:\/\/kids-birthday-party.net\/fr\/wp-json\/wp\/v2\/pages\/1353\/revisions"}],"predecessor-version":[{"id":1354,"href":"https:\/\/kids-birthday-party.net\/fr\/wp-json\/wp\/v2\/pages\/1353\/revisions\/1354"}],"wp:attachment":[{"href":"https:\/\/kids-birthday-party.net\/fr\/wp-json\/wp\/v2\/media?parent=1353"}],"curies":[{"name":"wp","href":"https:\/\/api.w.org\/{rel}","templated":true}]}}