{"id":1118,"date":"2025-01-11T14:01:01","date_gmt":"2025-01-11T14:01:01","guid":{"rendered":"https:\/\/kids-birthday-party.net\/?page_id=1118"},"modified":"2026-03-25T16:25:03","modified_gmt":"2026-03-25T16:25:03","slug":"recette-pate-a-sucre","status":"publish","type":"page","link":"https:\/\/kids-birthday-party.net\/fr\/recette-pate-a-sucre\/","title":{"rendered":"Recette de la p\u00e2te \u00e0 sucre"},"content":{"rendered":"<div class=\"gb-container gb-container-915c4183 banniere alignfull\">\n<div class=\"gb-container gb-container-de6459b7\">\n\n<h1 class=\"wp-block-heading has-text-align-center\">Recette de la p\u00e2te \u00e0 sucre<\/h1>\n\n<\/div>\n<\/div>\n\n\n<p>La p\u00e2te \u00e0 sucre est un ingr\u00e9dient incontournable pour les amateurs de cake design. Elle permet de cr\u00e9er des d\u00e9corations \u00e9tonnantes, personnalis\u00e9es et raffin\u00e9es pour toutes sortes de g\u00e2teaux d&rsquo;anniversaire. <\/p>\n\n\n\n<p>Cette recette simple et \u00e9conomique vous permettra de r\u00e9aliser une p\u00e2te \u00e0 sucre maison parfaite !<\/p>\n\n\n\n<h2 class=\"wp-block-heading\">Le mat\u00e9riel et les ingr\u00e9dients n\u00e9cessaires<\/h2>\n\n\n\n<p>Avant d\u2019entrer dans les d\u00e9tails de sa confection, attardons-nous d\u2019abord sur le mat\u00e9riel et les ingr\u00e9dients dont vous allez avoir besoin.<\/p>\n\n\n\n<p>Pour <strong>le mat\u00e9riel<\/strong> :<\/p>\n\n\n\n<ul class=\"wp-block-list\">\n<li>un bol ou un saladier pour le m\u00e9lange<\/li>\n\n\n\n<li>une spatule en silicone de type <em>maryse<\/em><\/li>\n\n\n\n<li>un tamis pour le sucre glace<\/li>\n\n\n\n<li>une balance de cuisine<\/li>\n\n\n\n<li>du film alimentaire<\/li>\n\n\n\n<li>une surface propre et lisse pour p\u00e9trir la p\u00e2te \u00e0 sucre<\/li>\n<\/ul>\n\n\n\n<p>Pour <strong>les ingr\u00e9dients<\/strong> (pour environ 500g de p\u00e2te \u00e0 sucre pour cette recette) :<\/p>\n\n\n\n<ul class=\"wp-block-list\">\n<li>500 g de sucre glace (de pr\u00e9f\u00e9rence sans amidon)<\/li>\n\n\n\n<li>6 g de g\u00e9latine en poudre ou 3 feuilles<\/li>\n\n\n\n<li>60 ml d\u2019eau froide<\/li>\n\n\n\n<li>2 cuill\u00e8res \u00e0 soupe de glyc\u00e9rine (disponible en magasin sp\u00e9cialis\u00e9, pharmacie, ou sur internet)<\/li>\n\n\n\n<li>70 g de sirop de glucose<\/li>\n\n\n\n<li>une cuill\u00e8re \u00e0 caf\u00e9 d\u2019extrait de vanille ou tout autre ar\u00f4me selon vos pr\u00e9f\u00e9rences<\/li>\n\n\n\n<li>du colorant alimentaire (facultatif)<\/li>\n<\/ul>\n\n\n<div class=\"display-products-container\"><div class=\"product-card\"><img decoding=\"async\" src=\"https:\/\/m.media-amazon.com\/images\/I\/317l0pH2n9L._SL500_.jpg\" class=\"product-image\" \/><div class=\"product-content\"><p class=\"product-price\">3.69 \u20ac<\/p><a href=\"https:\/\/www.amazon.fr\/dp\/B07G2HVZ3M?tag=hashvoy1-21&#038;linkCode=ogi&#038;th=1&#038;psc=1\" class=\"buy-button\" target=\"_blank\" rel=\"noopener sponsored\">Voir<\/a><\/div><\/div><div class=\"product-card\"><img decoding=\"async\" src=\"https:\/\/m.media-amazon.com\/images\/I\/51LAYY+UJjS._SL500_.jpg\" class=\"product-image\" \/><div class=\"product-content\"><p class=\"product-price\">3.68 \u20ac<\/p><a href=\"https:\/\/www.amazon.fr\/dp\/B096VS4MN9?tag=hashvoy1-21&#038;linkCode=ogi&#038;th=1&#038;psc=1\" class=\"buy-button\" target=\"_blank\" rel=\"noopener sponsored\">Voir<\/a><\/div><\/div><div class=\"product-card\"><img decoding=\"async\" src=\"https:\/\/m.media-amazon.com\/images\/I\/51TGP1MQLeL._SL500_.jpg\" class=\"product-image\" \/><div class=\"product-content\"><p class=\"product-price\">8.07 \u20ac<\/p><a href=\"https:\/\/www.amazon.fr\/dp\/B07TVGNZ2L?tag=hashvoy1-21&#038;linkCode=ogi&#038;th=1&#038;psc=1\" class=\"buy-button\" target=\"_blank\" rel=\"noopener sponsored\">Voir<\/a><\/div><\/div><div class=\"product-card\"><img decoding=\"async\" src=\"https:\/\/m.media-amazon.com\/images\/I\/31u6pwMfdgL._SL500_.jpg\" class=\"product-image\" \/><div class=\"product-content\"><p class=\"product-price\">11.99 \u20ac<\/p><a href=\"https:\/\/www.amazon.fr\/dp\/B09GMJLXDF?tag=hashvoy1-21&#038;linkCode=ogi&#038;th=1&#038;psc=1\" class=\"buy-button\" target=\"_blank\" rel=\"noopener sponsored\">Voir<\/a><\/div><\/div><\/div>\n\n\n\n<p><em>La quantit\u00e9 de p\u00e2te \u00e0 sucre obtenue sera d&rsquo;environ 500 g, mais cela d\u00e9pendra du degr\u00e9 de p\u00e9trissage ainsi que de l&rsquo;humidit\u00e9 ambiante.<\/em><\/p>\n\n\n\n<figure class=\"wp-block-gallery has-nested-images columns-default is-cropped wp-block-gallery-1 is-layout-flex wp-block-gallery-is-layout-flex\">\n<figure class=\"wp-block-image size-full\"><img loading=\"lazy\" decoding=\"async\" width=\"1200\" height=\"800\" data-id=\"1123\" src=\"https:\/\/kids-birthday-party.net\/wp-content\/uploads\/2025\/01\/sugar-paste-kitchen.jpg\" alt=\"P\u00e2te \u00e0 sucre et mat\u00e9riel dans une cuisine\" class=\"wp-image-1123\" srcset=\"https:\/\/kids-birthday-party.net\/wp-content\/uploads\/2025\/01\/sugar-paste-kitchen.jpg 1200w, https:\/\/kids-birthday-party.net\/wp-content\/uploads\/2025\/01\/sugar-paste-kitchen-300x200.jpg 300w, https:\/\/kids-birthday-party.net\/wp-content\/uploads\/2025\/01\/sugar-paste-kitchen-1024x683.jpg 1024w, https:\/\/kids-birthday-party.net\/wp-content\/uploads\/2025\/01\/sugar-paste-kitchen-768x512.jpg 768w\" sizes=\"auto, (max-width: 1200px) 100vw, 1200px\" \/><\/figure>\n<\/figure>\n\n\n\n<h2 class=\"wp-block-heading\">Recette de la p\u00e2te \u00e0 sucre<\/h2>\n\n\n\n<p>Voici maintenant la recette d\u00e9taill\u00e9e de la p\u00e2te \u00e0 sucre pour votre g\u00e2teau d&rsquo;anniversaire.<\/p>\n\n\n\n<h3 class=\"wp-block-heading\">Pr\u00e9paration de la base de g\u00e9latine<\/h3>\n\n\n\n<p>Commencez par faire tremper la g\u00e9latine dans l\u2019eau froide pendant environ 5 minutes pour qu\u2019elle se ramollisse. Si vous utilisez des feuilles, essorez-les l\u00e9g\u00e8rement une fois ramollies.<\/p>\n\n\n\n<p>Dans une petite casserole, faites fondre la g\u00e9latine \u00e0 feu doux sans porter \u00e0 \u00e9bullition. Une fois qu&rsquo;elle est fondue, ajoutez le sirop de glucose, la glyc\u00e9rine et l\u2019extrait de vanille. Remuez jusqu\u2019\u00e0 obtenir un m\u00e9lange homog\u00e8ne.<\/p>\n\n\n\n<h3 class=\"wp-block-heading\">Confection de la p\u00e2te \u00e0 sucre avec le sucre glace<\/h3>\n\n\n\n<p>Pour la suite de cette recette, tamisez le sucre glace dans un grand bol pour \u00e9viter les grumeaux. Faites un puits au centre et versez-y le m\u00e9lange liquide encore chaud.<\/p>\n\n\n\n<p>Avec une spatule en silicone, m\u00e9langez doucement en ramenant le sucre vers le centre jusqu\u2019\u00e0 ce que la pr\u00e9paration commence \u00e0 se solidifier.<\/p>\n\n\n\n<p>Transvasez la p\u00e2te sur une surface lisse pr\u00e9alablement saupoudr\u00e9e de sucre glace. P\u00e9trissez avec vos mains jusqu\u2019\u00e0 obtenir une texture lisse et \u00e9lastique.<\/p>\n\n\n\n<p>Si la p\u00e2te colle, ajoutez un peu de sucre glace, mais veillez \u00e0 ne pas la rendre trop s\u00e8che.<\/p>\n\n\n\n<p>Cette <strong>vid\u00e9o explicative<\/strong> vous montrera concr\u00e8tement comment r\u00e9aliser ces diff\u00e9rentes \u00e9tapes :<\/p>\n\n\n\n<center><iframe loading=\"lazy\" style=\"border: 5px solid #41AAD3; box-sizing: border-box;\" width=\"560\" height=\"315\" src=\"https:\/\/www.youtube.com\/embed\/E1sUGXlJya8?si=1FVx44bgBYWoZAUt&amp;start=36\" title=\"YouTube video player\" frameborder=\"0\" allow=\"accelerometer; autoplay; clipboard-write; encrypted-media; gyroscope; picture-in-picture; web-share\" referrerpolicy=\"strict-origin-when-cross-origin\" allowfullscreen><\/iframe><\/center>\n\n\n\n<h3 class=\"wp-block-heading\">Coloration et conservation<\/h3>\n\n\n\n<p>Divisez la p\u00e2te \u00e0 sucre en portions si vous souhaitez ajouter des colorants. Malaxez chaque portion avec quelques gouttes de colorant alimentaire jusqu\u2019\u00e0 obtenir la teinte d\u00e9sir\u00e9e.<\/p>\n\n\n\n<p>Enveloppez ensuite la p\u00e2te dans du film alimentaire pour \u00e9viter qu\u2019elle ne s\u00e8che et conservez-la \u00e0 temp\u00e9rature ambiante dans une bo\u00eete herm\u00e9tique.<\/p>\n\n\n\n<figure class=\"wp-block-gallery has-nested-images columns-default is-cropped wp-block-gallery-2 is-layout-flex wp-block-gallery-is-layout-flex\">\n<figure class=\"wp-block-image size-full\"><img loading=\"lazy\" decoding=\"async\" width=\"1200\" height=\"800\" data-id=\"1124\" src=\"https:\/\/kids-birthday-party.net\/wp-content\/uploads\/2025\/01\/making-paste-kitchen.jpg\" alt=\"Faire une p\u00e2te sur le plan de travail d'une cuisine\" class=\"wp-image-1124\" srcset=\"https:\/\/kids-birthday-party.net\/wp-content\/uploads\/2025\/01\/making-paste-kitchen.jpg 1200w, https:\/\/kids-birthday-party.net\/wp-content\/uploads\/2025\/01\/making-paste-kitchen-300x200.jpg 300w, https:\/\/kids-birthday-party.net\/wp-content\/uploads\/2025\/01\/making-paste-kitchen-1024x683.jpg 1024w, https:\/\/kids-birthday-party.net\/wp-content\/uploads\/2025\/01\/making-paste-kitchen-768x512.jpg 768w\" sizes=\"auto, (max-width: 1200px) 100vw, 1200px\" \/><\/figure>\n<\/figure>\n\n\n\n<p>Avec cette recette de la p\u00e2te \u00e0 sucre, vous pourrez donner libre cours \u00e0 votre cr\u00e9ativit\u00e9 tout en offrant \u00e0 vos cr\u00e9ations p\u00e2tissi\u00e8res une touche professionnelle !<\/p>\n","protected":false},"excerpt":{"rendered":"<p>Recette de la p\u00e2te \u00e0 sucre La p\u00e2te \u00e0 sucre est un ingr\u00e9dient incontournable pour les amateurs de cake design. Elle permet de cr\u00e9er des d\u00e9corations \u00e9tonnantes, personnalis\u00e9es et raffin\u00e9es pour toutes sortes de g\u00e2teaux d&rsquo;anniversaire. Cette recette simple et \u00e9conomique vous permettra de r\u00e9aliser une p\u00e2te \u00e0 sucre maison parfaite ! Le mat\u00e9riel et &#8230; <a title=\"Recette de la p\u00e2te \u00e0 sucre\" class=\"read-more\" href=\"https:\/\/kids-birthday-party.net\/fr\/recette-pate-a-sucre\/\" aria-label=\"En savoir plus sur Recette de la p\u00e2te \u00e0 sucre\">Lire la suite<\/a><\/p>\n","protected":false},"author":1,"featured_media":0,"parent":0,"menu_order":0,"comment_status":"closed","ping_status":"closed","template":"","meta":{"footnotes":""},"class_list":["post-1118","page","type-page","status-publish"],"yoast_head":"<!-- This site is optimized with the Yoast SEO plugin v27.2 - https:\/\/yoast.com\/product\/yoast-seo-wordpress\/ -->\n<title>Recette de la p\u00e2te \u00e0 sucre : orner vos g\u00e2teaux comme un chef !<\/title>\n<meta name=\"description\" content=\"Suivez notre recette de p\u00e2te \u00e0 sucre, id\u00e9ale pour d\u00e9corer un g\u00e2teau d&#039;anniversaire et \u00e9pater vos invit\u00e9s !\" \/>\n<meta name=\"robots\" content=\"index, follow, max-snippet:-1, max-image-preview:large, max-video-preview:-1\" \/>\n<link rel=\"canonical\" href=\"https:\/\/kids-birthday-party.net\/fr\/recette-pate-a-sucre\/\" \/>\n<meta property=\"og:locale\" content=\"fr_FR\" \/>\n<meta property=\"og:type\" content=\"article\" \/>\n<meta property=\"og:title\" content=\"Recette de la p\u00e2te \u00e0 sucre : orner vos g\u00e2teaux comme un chef !\" \/>\n<meta property=\"og:description\" content=\"Suivez notre recette de p\u00e2te \u00e0 sucre, id\u00e9ale pour d\u00e9corer un g\u00e2teau d&#039;anniversaire et \u00e9pater vos invit\u00e9s !\" \/>\n<meta property=\"og:url\" content=\"https:\/\/kids-birthday-party.net\/fr\/recette-pate-a-sucre\/\" \/>\n<meta property=\"og:site_name\" content=\"Kids Birthday Party\" \/>\n<meta property=\"article:modified_time\" content=\"2026-03-25T16:25:03+00:00\" \/>\n<meta property=\"og:image\" content=\"https:\/\/kids-birthday-party.net\/wp-content\/uploads\/2025\/01\/sugar-paste-kitchen.jpg\" \/>\n<meta name=\"twitter:card\" content=\"summary_large_image\" \/>\n<meta name=\"twitter:label1\" content=\"Dur\u00e9e de lecture estim\u00e9e\" \/>\n\t<meta name=\"twitter:data1\" content=\"3 minutes\" \/>\n<script type=\"application\/ld+json\" class=\"yoast-schema-graph\">{\"@context\":\"https:\/\/schema.org\",\"@graph\":[{\"@type\":\"WebPage\",\"@id\":\"https:\/\/kids-birthday-party.net\/fr\/recette-pate-a-sucre\/\",\"url\":\"https:\/\/kids-birthday-party.net\/fr\/recette-pate-a-sucre\/\",\"name\":\"Recette de la p\u00e2te \u00e0 sucre : orner vos g\u00e2teaux comme un chef !\",\"isPartOf\":{\"@id\":\"https:\/\/kids-birthday-party.net\/fr\/#website\"},\"primaryImageOfPage\":{\"@id\":\"https:\/\/kids-birthday-party.net\/fr\/recette-pate-a-sucre\/#primaryimage\"},\"image\":{\"@id\":\"https:\/\/kids-birthday-party.net\/fr\/recette-pate-a-sucre\/#primaryimage\"},\"thumbnailUrl\":\"https:\/\/kids-birthday-party.net\/wp-content\/uploads\/2025\/01\/sugar-paste-kitchen.jpg\",\"datePublished\":\"2025-01-11T14:01:01+00:00\",\"dateModified\":\"2026-03-25T16:25:03+00:00\",\"description\":\"Suivez notre recette de p\u00e2te \u00e0 sucre, id\u00e9ale pour d\u00e9corer un g\u00e2teau d'anniversaire et \u00e9pater vos invit\u00e9s !\",\"breadcrumb\":{\"@id\":\"https:\/\/kids-birthday-party.net\/fr\/recette-pate-a-sucre\/#breadcrumb\"},\"inLanguage\":\"fr-FR\",\"potentialAction\":[{\"@type\":\"ReadAction\",\"target\":[\"https:\/\/kids-birthday-party.net\/fr\/recette-pate-a-sucre\/\"]}]},{\"@type\":\"ImageObject\",\"inLanguage\":\"fr-FR\",\"@id\":\"https:\/\/kids-birthday-party.net\/fr\/recette-pate-a-sucre\/#primaryimage\",\"url\":\"https:\/\/kids-birthday-party.net\/wp-content\/uploads\/2025\/01\/sugar-paste-kitchen.jpg\",\"contentUrl\":\"https:\/\/kids-birthday-party.net\/wp-content\/uploads\/2025\/01\/sugar-paste-kitchen.jpg\"},{\"@type\":\"BreadcrumbList\",\"@id\":\"https:\/\/kids-birthday-party.net\/fr\/recette-pate-a-sucre\/#breadcrumb\",\"itemListElement\":[{\"@type\":\"ListItem\",\"position\":1,\"name\":\"Accueil\",\"item\":\"https:\/\/kids-birthday-party.net\/fr\/\"},{\"@type\":\"ListItem\",\"position\":2,\"name\":\"Recette de la p\u00e2te \u00e0 sucre\"}]},{\"@type\":\"WebSite\",\"@id\":\"https:\/\/kids-birthday-party.net\/fr\/#website\",\"url\":\"https:\/\/kids-birthday-party.net\/fr\/\",\"name\":\"Kids Birthday Party\",\"description\":\"Organisez au mieux la f\u00eate d&#039;anniversaire de votre enfant !\",\"publisher\":{\"@id\":\"https:\/\/kids-birthday-party.net\/fr\/#organization\"},\"potentialAction\":[{\"@type\":\"SearchAction\",\"target\":{\"@type\":\"EntryPoint\",\"urlTemplate\":\"https:\/\/kids-birthday-party.net\/fr\/?s={search_term_string}\"},\"query-input\":{\"@type\":\"PropertyValueSpecification\",\"valueRequired\":true,\"valueName\":\"search_term_string\"}}],\"inLanguage\":\"fr-FR\"},{\"@type\":\"Organization\",\"@id\":\"https:\/\/kids-birthday-party.net\/fr\/#organization\",\"name\":\"Kids Birthday Party\",\"url\":\"https:\/\/kids-birthday-party.net\/fr\/\",\"logo\":{\"@type\":\"ImageObject\",\"inLanguage\":\"fr-FR\",\"@id\":\"https:\/\/kids-birthday-party.net\/fr\/#\/schema\/logo\/image\/\",\"url\":\"https:\/\/kids-birthday-party.net\/wp-content\/uploads\/2025\/01\/kids-birthday-party-logo.png\",\"contentUrl\":\"https:\/\/kids-birthday-party.net\/wp-content\/uploads\/2025\/01\/kids-birthday-party-logo.png\",\"width\":950,\"height\":273,\"caption\":\"Kids Birthday Party\"},\"image\":{\"@id\":\"https:\/\/kids-birthday-party.net\/fr\/#\/schema\/logo\/image\/\"}}]}<\/script>\n<!-- \/ Yoast SEO plugin. -->","yoast_head_json":{"title":"Recette de la p\u00e2te \u00e0 sucre : orner vos g\u00e2teaux comme un chef !","description":"Suivez notre recette de p\u00e2te \u00e0 sucre, id\u00e9ale pour d\u00e9corer un g\u00e2teau d'anniversaire et \u00e9pater vos invit\u00e9s !","robots":{"index":"index","follow":"follow","max-snippet":"max-snippet:-1","max-image-preview":"max-image-preview:large","max-video-preview":"max-video-preview:-1"},"canonical":"https:\/\/kids-birthday-party.net\/fr\/recette-pate-a-sucre\/","og_locale":"fr_FR","og_type":"article","og_title":"Recette de la p\u00e2te \u00e0 sucre : orner vos g\u00e2teaux comme un chef !","og_description":"Suivez notre recette de p\u00e2te \u00e0 sucre, id\u00e9ale pour d\u00e9corer un g\u00e2teau d'anniversaire et \u00e9pater vos invit\u00e9s !","og_url":"https:\/\/kids-birthday-party.net\/fr\/recette-pate-a-sucre\/","og_site_name":"Kids Birthday Party","article_modified_time":"2026-03-25T16:25:03+00:00","og_image":[{"url":"https:\/\/kids-birthday-party.net\/wp-content\/uploads\/2025\/01\/sugar-paste-kitchen.jpg","type":"","width":"","height":""}],"twitter_card":"summary_large_image","twitter_misc":{"Dur\u00e9e de lecture estim\u00e9e":"3 minutes"},"schema":{"@context":"https:\/\/schema.org","@graph":[{"@type":"WebPage","@id":"https:\/\/kids-birthday-party.net\/fr\/recette-pate-a-sucre\/","url":"https:\/\/kids-birthday-party.net\/fr\/recette-pate-a-sucre\/","name":"Recette de la p\u00e2te \u00e0 sucre : orner vos g\u00e2teaux comme un chef !","isPartOf":{"@id":"https:\/\/kids-birthday-party.net\/fr\/#website"},"primaryImageOfPage":{"@id":"https:\/\/kids-birthday-party.net\/fr\/recette-pate-a-sucre\/#primaryimage"},"image":{"@id":"https:\/\/kids-birthday-party.net\/fr\/recette-pate-a-sucre\/#primaryimage"},"thumbnailUrl":"https:\/\/kids-birthday-party.net\/wp-content\/uploads\/2025\/01\/sugar-paste-kitchen.jpg","datePublished":"2025-01-11T14:01:01+00:00","dateModified":"2026-03-25T16:25:03+00:00","description":"Suivez notre recette de p\u00e2te \u00e0 sucre, id\u00e9ale pour d\u00e9corer un g\u00e2teau d'anniversaire et \u00e9pater vos invit\u00e9s !","breadcrumb":{"@id":"https:\/\/kids-birthday-party.net\/fr\/recette-pate-a-sucre\/#breadcrumb"},"inLanguage":"fr-FR","potentialAction":[{"@type":"ReadAction","target":["https:\/\/kids-birthday-party.net\/fr\/recette-pate-a-sucre\/"]}]},{"@type":"ImageObject","inLanguage":"fr-FR","@id":"https:\/\/kids-birthday-party.net\/fr\/recette-pate-a-sucre\/#primaryimage","url":"https:\/\/kids-birthday-party.net\/wp-content\/uploads\/2025\/01\/sugar-paste-kitchen.jpg","contentUrl":"https:\/\/kids-birthday-party.net\/wp-content\/uploads\/2025\/01\/sugar-paste-kitchen.jpg"},{"@type":"BreadcrumbList","@id":"https:\/\/kids-birthday-party.net\/fr\/recette-pate-a-sucre\/#breadcrumb","itemListElement":[{"@type":"ListItem","position":1,"name":"Accueil","item":"https:\/\/kids-birthday-party.net\/fr\/"},{"@type":"ListItem","position":2,"name":"Recette de la p\u00e2te \u00e0 sucre"}]},{"@type":"WebSite","@id":"https:\/\/kids-birthday-party.net\/fr\/#website","url":"https:\/\/kids-birthday-party.net\/fr\/","name":"Kids Birthday Party","description":"Organisez au mieux la f\u00eate d&#039;anniversaire de votre enfant !","publisher":{"@id":"https:\/\/kids-birthday-party.net\/fr\/#organization"},"potentialAction":[{"@type":"SearchAction","target":{"@type":"EntryPoint","urlTemplate":"https:\/\/kids-birthday-party.net\/fr\/?s={search_term_string}"},"query-input":{"@type":"PropertyValueSpecification","valueRequired":true,"valueName":"search_term_string"}}],"inLanguage":"fr-FR"},{"@type":"Organization","@id":"https:\/\/kids-birthday-party.net\/fr\/#organization","name":"Kids Birthday Party","url":"https:\/\/kids-birthday-party.net\/fr\/","logo":{"@type":"ImageObject","inLanguage":"fr-FR","@id":"https:\/\/kids-birthday-party.net\/fr\/#\/schema\/logo\/image\/","url":"https:\/\/kids-birthday-party.net\/wp-content\/uploads\/2025\/01\/kids-birthday-party-logo.png","contentUrl":"https:\/\/kids-birthday-party.net\/wp-content\/uploads\/2025\/01\/kids-birthday-party-logo.png","width":950,"height":273,"caption":"Kids Birthday Party"},"image":{"@id":"https:\/\/kids-birthday-party.net\/fr\/#\/schema\/logo\/image\/"}}]}},"_links":{"self":[{"href":"https:\/\/kids-birthday-party.net\/fr\/wp-json\/wp\/v2\/pages\/1118","targetHints":{"allow":["GET"]}}],"collection":[{"href":"https:\/\/kids-birthday-party.net\/fr\/wp-json\/wp\/v2\/pages"}],"about":[{"href":"https:\/\/kids-birthday-party.net\/fr\/wp-json\/wp\/v2\/types\/page"}],"author":[{"embeddable":true,"href":"https:\/\/kids-birthday-party.net\/fr\/wp-json\/wp\/v2\/users\/1"}],"replies":[{"embeddable":true,"href":"https:\/\/kids-birthday-party.net\/fr\/wp-json\/wp\/v2\/comments?post=1118"}],"version-history":[{"count":10,"href":"https:\/\/kids-birthday-party.net\/fr\/wp-json\/wp\/v2\/pages\/1118\/revisions"}],"predecessor-version":[{"id":1750,"href":"https:\/\/kids-birthday-party.net\/fr\/wp-json\/wp\/v2\/pages\/1118\/revisions\/1750"}],"wp:attachment":[{"href":"https:\/\/kids-birthday-party.net\/fr\/wp-json\/wp\/v2\/media?parent=1118"}],"curies":[{"name":"wp","href":"https:\/\/api.w.org\/{rel}","templated":true}]}}